{"id":11094,"date":"2022-12-06T08:45:07","date_gmt":"2022-12-06T06:45:07","guid":{"rendered":"https:\/\/www.saxsim.ee\/?post_type=product&#038;p=11094"},"modified":"2025-07-02T12:47:48","modified_gmt":"2025-07-02T09:47:48","slug":"system4-2-balancing-shampoo-250-ml-terapeutiline-sampoon-kuivale-peanahale-ja-varvitud-juustele","status":"publish","type":"product","link":"https:\/\/saxsim.ee\/swp\/product\/system4-2-balancing-shampoo-250-ml-terapeutiline-sampoon-kuivale-peanahale-ja-varvitud-juustele\/","title":{"rendered":"System4 \u2013 2 Balancing Shampoo 250 ml &#8211; terapeutiline \u0161ampoon kuivale peanahale ja v\u00e4rvitud juustele"},"content":{"rendered":"<p>&#8211; Leevendab s\u00fcgelust ja \u00e4rritust<br \/>\n&#8211; Eemaldab k\u00f5\u00f5ma ja hoiab \u00e4ra selle tekkimise<br \/>\n&#8211; Kaitseb juuksev\u00e4rvi tuhmumise eest<br \/>\n&#8211; Teeb juuksed puhtaks ja l\u00e4ikivateks<br \/>\n&#8211; L\u00f5hnainetevaba ja dermatoloogiliselt testitud<br \/>\n&#8211; Pudel on valmistatud 100% taaskasutatud plastikust<\/p>\n<p>T\u00f5hus ravi\u0161ampoon aitab eemaldada k\u00f5\u00f5ma, leevendab s\u00fcgelust ja \u00e4rritust. Spetsiaalselt v\u00e4lja t\u00f6\u00f6tatud ravi\u0161ampoon, mis pakub v\u00e4rvikaitset ning aitab s\u00e4ilitada juuste ja peanaha tervislikku niiskustasakaalu. Teeb juuksed puhtaks ja l\u00e4ikivateks. Sisaldab salits\u00fc\u00fclhapet, mis toimib nahka kooriva ainena. Climbasool takistab k\u00f5\u00f5ma tekitavate seente kasvu. Mitte kasutada alla 3-aastastel lastel.<\/p>\n<p>pH: 4,7<\/p>\n<p><strong><u>Kasutamine<\/u><\/strong>: Kanna \u0161ampoon juustele ja peanahale, lase m\u00f5juda 2-5 minutit, pese ja loputa hoolikalt.<\/p>\n<p>&nbsp;<\/p>\n","protected":false},"excerpt":{"rendered":"<p>&#8211; Leevendab s\u00fcgelust ja \u00e4rritust &#8211; Eemaldab k\u00f5\u00f5ma ja hoiab \u00e4ra selle tekkimise &#8211; Kaitseb juuksev\u00e4rvi tuhmumise eest &#8211; Teeb juuksed puhtaks ja l\u00e4ikivateks &#8211; L\u00f5hnainetevaba ja dermatoloogiliselt testitud &#8211; Pudel on valmistatud 100% taaskasutatud plastikust T\u00f5hus ravi\u0161ampoon aitab eemaldada k\u00f5\u00f5ma, leevendab s\u00fcgelust ja \u00e4rritust. Spetsiaalselt v\u00e4lja t\u00f6\u00f6tatud ravi\u0161ampoon, mis pakub v\u00e4rvikaitset ning aitab s\u00e4ilitada [&hellip;]<\/p>\n","protected":false},"featured_media":11095,"comment_status":"closed","ping_status":"closed","template":"","meta":[],"product_cat":[792,672,395,659,284],"product_tag":[],"class_list":{"0":"post-11094","1":"product","2":"type-product","3":"status-publish","4":"has-post-thumbnail","6":"product_cat-uued-tooted","7":"product_cat-system-4","8":"product_cat-juuksed","9":"product_cat-sampoonid","10":"product_cat-reisimiseks","12":"first","13":"instock","14":"downloadable","15":"virtual","16":"taxable","17":"purchasable","18":"product-type-simple"},"_links":{"self":[{"href":"https:\/\/saxsim.ee\/swp\/wp-json\/wp\/v2\/product\/11094"}],"collection":[{"href":"https:\/\/saxsim.ee\/swp\/wp-json\/wp\/v2\/product"}],"about":[{"href":"https:\/\/saxsim.ee\/swp\/wp-json\/wp\/v2\/types\/product"}],"replies":[{"embeddable":true,"href":"https:\/\/saxsim.ee\/swp\/wp-json\/wp\/v2\/comments?post=11094"}],"wp:featuredmedia":[{"embeddable":true,"href":"https:\/\/saxsim.ee\/swp\/wp-json\/wp\/v2\/media\/11095"}],"wp:attachment":[{"href":"https:\/\/saxsim.ee\/swp\/wp-json\/wp\/v2\/media?parent=11094"}],"wp:term":[{"taxonomy":"product_cat","embeddable":true,"href":"https:\/\/saxsim.ee\/swp\/wp-json\/wp\/v2\/product_cat?post=11094"},{"taxonomy":"product_tag","embeddable":true,"href":"https:\/\/saxsim.ee\/swp\/wp-json\/wp\/v2\/product_tag?post=11094"}],"curies":[{"name":"wp","href":"https:\/\/api.w.org\/{rel}","templated":true}]}}