{"id":11080,"date":"2022-12-03T16:34:14","date_gmt":"2022-12-03T14:34:14","guid":{"rendered":"https:\/\/www.saxsim.ee\/?post_type=product&#038;p=11080"},"modified":"2024-09-29T11:53:07","modified_gmt":"2024-09-29T08:53:07","slug":"ultron-nose-ear-trimmer-ninakorva-trimmer","status":"publish","type":"product","link":"https:\/\/saxsim.ee\/swp\/product\/ultron-nose-ear-trimmer-ninakorva-trimmer\/","title":{"rendered":"Ultron Nose &amp; Ear Trimmer &#8211; nina\/k\u00f5rva trimmer"},"content":{"rendered":"<p>Pritsmekindel nina\/k\u00f5rva trimmer. Puhastage trimmerit lihtsalt jooksva vee all: l\u00f5igatud karvad eemaldatakse spetsiaalse ava kaudu. Kaasas v\u00e4ike puhastuspintsel. T\u00f6\u00f6tab \u00fche AA-t\u00fc\u00fcpi patareiga ( ei kuulu komplekti ).<\/p>\n<p>&#8211; roostevaba terasest l\u00f5iketerad<br \/>\n&#8211; kiire, lihtne, t\u00e4pne ja h\u00fcgeeniline<\/p>\n","protected":false},"excerpt":{"rendered":"<p>Pritsmekindel nina\/k\u00f5rva trimmer. Puhastage trimmerit lihtsalt jooksva vee all: l\u00f5igatud karvad eemaldatakse spetsiaalse ava kaudu. Kaasas v\u00e4ike puhastuspintsel. T\u00f6\u00f6tab \u00fche AA-t\u00fc\u00fcpi patareiga ( ei kuulu komplekti ). &#8211; roostevaba terasest l\u00f5iketerad &#8211; kiire, lihtne, t\u00e4pne ja h\u00fcgeeniline<\/p>\n","protected":false},"featured_media":11990,"comment_status":"closed","ping_status":"closed","template":"","meta":[],"product_cat":[733,401,280,286,284],"product_tag":[],"class_list":{"0":"post-11080","1":"product","2":"type-product","3":"status-publish","4":"has-post-thumbnail","6":"product_cat-ultron","7":"product_cat-juuksuri-tarvikud","8":"product_cat-elektrilised-toovahendid","9":"product_cat-loikusmasinad-ja-trimmerid","10":"product_cat-reisimiseks","12":"first","13":"instock","14":"taxable","15":"shipping-taxable","16":"purchasable","17":"product-type-simple"},"_links":{"self":[{"href":"https:\/\/saxsim.ee\/swp\/wp-json\/wp\/v2\/product\/11080"}],"collection":[{"href":"https:\/\/saxsim.ee\/swp\/wp-json\/wp\/v2\/product"}],"about":[{"href":"https:\/\/saxsim.ee\/swp\/wp-json\/wp\/v2\/types\/product"}],"replies":[{"embeddable":true,"href":"https:\/\/saxsim.ee\/swp\/wp-json\/wp\/v2\/comments?post=11080"}],"wp:featuredmedia":[{"embeddable":true,"href":"https:\/\/saxsim.ee\/swp\/wp-json\/wp\/v2\/media\/11990"}],"wp:attachment":[{"href":"https:\/\/saxsim.ee\/swp\/wp-json\/wp\/v2\/media?parent=11080"}],"wp:term":[{"taxonomy":"product_cat","embeddable":true,"href":"https:\/\/saxsim.ee\/swp\/wp-json\/wp\/v2\/product_cat?post=11080"},{"taxonomy":"product_tag","embeddable":true,"href":"https:\/\/saxsim.ee\/swp\/wp-json\/wp\/v2\/product_tag?post=11080"}],"curies":[{"name":"wp","href":"https:\/\/api.w.org\/{rel}","templated":true}]}}