{"id":11071,"date":"2022-12-02T08:15:42","date_gmt":"2022-12-02T06:15:42","guid":{"rendered":"https:\/\/www.saxsim.ee\/?post_type=product&#038;p=11071"},"modified":"2026-02-24T13:13:13","modified_gmt":"2026-02-24T11:13:13","slug":"refectocil-browista-palette-segamisaluste-komplekt","status":"publish","type":"product","link":"https:\/\/saxsim.ee\/swp\/product\/refectocil-browista-palette-segamisaluste-komplekt\/","title":{"rendered":"RefectoCil Browista Palette &#8211; segamisaluste komplekt"},"content":{"rendered":"<p>Kahe v\u00e4rvisegamise s\u00fcvendiga segamisalused, mida on v\u00f5imalik kinnitada kas s\u00f5rmele v\u00f5i k\u00e4e tagak\u00fcljele.<\/p>\n<ul>\n<li>v\u00e4rvi segamisalused hoiavad t\u00f6\u00f6 ajal k\u00e4ed vabad<\/li>\n<li><span class=\"HwtZe\" lang=\"et\"><span class=\"jCAhz ChMk0b\"><span class=\"ryNqvb\">kahes lahtris saab korraga segada ripsme- ja kulmuv\u00e4rvi <\/span><\/span><\/span><\/li>\n<li>praktilised markeeringud n\u00e4itavad toodete optimaalseid doseerimiskoguseid<\/li>\n<li>sobib nii vasaku- kui paremak\u00e4elistele<\/li>\n<li><span class=\"HwtZe\" lang=\"et\"> t<span class=\"jCAhz ChMk0b\"><span class=\"ryNqvb\">ugev ja vastupidav kemikaalidele<\/span><\/span><\/span><\/li>\n<li><span class=\"HwtZe\" lang=\"et\"><span class=\"jCAhz ChMk0b\"><span class=\"ryNqvb\">lihtne puhastada<\/span><\/span><\/span><\/li>\n<\/ul>\n<p>Komplektis:<br \/>\n&#8211; 2 erinevat segamisalust<\/p>\n","protected":false},"excerpt":{"rendered":"<p>Kahe v\u00e4rvisegamise s\u00fcvendiga segamisalused, mida on v\u00f5imalik kinnitada kas s\u00f5rmele v\u00f5i k\u00e4e tagak\u00fcljele. v\u00e4rvi segamisalused hoiavad t\u00f6\u00f6 ajal k\u00e4ed vabad kahes lahtris saab korraga segada ripsme- ja kulmuv\u00e4rvi praktilised markeeringud n\u00e4itavad toodete optimaalseid doseerimiskoguseid sobib nii vasaku- kui paremak\u00e4elistele tugev ja vastupidav kemikaalidele lihtne puhastada Komplektis: &#8211; 2 erinevat segamisalust<\/p>\n","protected":false},"featured_media":11072,"comment_status":"closed","ping_status":"closed","template":"","meta":[],"product_cat":[717,97,268],"product_tag":[637],"class_list":{"0":"post-11071","1":"product","2":"type-product","3":"status-publish","4":"has-post-thumbnail","6":"product_cat-refectocil-2","7":"product_cat-nagu-ja-keha","8":"product_cat-refectocil","9":"product_tag-profitoode","11":"first","12":"instock","13":"taxable","14":"shipping-taxable","15":"purchasable","16":"product-type-simple"},"_links":{"self":[{"href":"https:\/\/saxsim.ee\/swp\/wp-json\/wp\/v2\/product\/11071"}],"collection":[{"href":"https:\/\/saxsim.ee\/swp\/wp-json\/wp\/v2\/product"}],"about":[{"href":"https:\/\/saxsim.ee\/swp\/wp-json\/wp\/v2\/types\/product"}],"replies":[{"embeddable":true,"href":"https:\/\/saxsim.ee\/swp\/wp-json\/wp\/v2\/comments?post=11071"}],"wp:featuredmedia":[{"embeddable":true,"href":"https:\/\/saxsim.ee\/swp\/wp-json\/wp\/v2\/media\/11072"}],"wp:attachment":[{"href":"https:\/\/saxsim.ee\/swp\/wp-json\/wp\/v2\/media?parent=11071"}],"wp:term":[{"taxonomy":"product_cat","embeddable":true,"href":"https:\/\/saxsim.ee\/swp\/wp-json\/wp\/v2\/product_cat?post=11071"},{"taxonomy":"product_tag","embeddable":true,"href":"https:\/\/saxsim.ee\/swp\/wp-json\/wp\/v2\/product_tag?post=11071"}],"curies":[{"name":"wp","href":"https:\/\/api.w.org\/{rel}","templated":true}]}}