{"id":11058,"date":"2022-11-29T09:31:19","date_gmt":"2022-11-29T07:31:19","guid":{"rendered":"https:\/\/www.saxsim.ee\/?post_type=product&#038;p=11058"},"modified":"2025-07-31T12:07:06","modified_gmt":"2025-07-31T09:07:06","slug":"cera-day-to-day-straightener-sirgendaja","status":"publish","type":"product","link":"https:\/\/saxsim.ee\/swp\/product\/cera-day-to-day-straightener-sirgendaja\/","title":{"rendered":"Cera Day-To-Day Straightener &#8211; sirgendaja"},"content":{"rendered":"<p>Keraamiliste plaatidega sirgendaja, mille kitsas disain sobib ideaalselt ka lokkide tegemiseks.<\/p>\n<p><strong>Tehnilised andmed:<\/strong><\/p>\n<p><span class=\"HwtZe\" lang=\"et\"><span class=\"jCAhz ChMk0b\"><span class=\"ryNqvb\">PTC-kuumutusseade tagab kiire soojenemise ja stabiilse temperatuuri<\/span><\/span><\/span><\/p>\n<p>Ion tehnoloogia<\/p>\n<p>t\u00f6\u00f6temperatuur &#8211; 130\u00b0C kuni 230\u00b0C<\/p>\n<p>vetruvad turmaliinkattega keraamilised plaadid &#8211; 24 x 87 mm<\/p>\n<p>automaatne v\u00e4ljal\u00fclitus 60 min. m\u00f6\u00f6dumisel<\/p>\n<p>digitaalne temperatuuri reguleerimine<\/p>\n<p>kaal &#8211; 240 g<\/p>\n<p>p\u00f6\u00f6rlev juhe &#8211; 2,5 m<\/p>\n<p>Tootja:<\/p>\n<p>&nbsp;<\/p>\n<p>&nbsp;<\/p>\n<p>&nbsp;<\/p>\n<p>&nbsp;<\/p>\n","protected":false},"excerpt":{"rendered":"<p>Keraamiliste plaatidega sirgendaja, mille kitsas disain sobib ideaalselt ka lokkide tegemiseks. Tehnilised andmed: PTC-kuumutusseade tagab kiire soojenemise ja stabiilse temperatuuri Ion tehnoloogia t\u00f6\u00f6temperatuur &#8211; 130\u00b0C kuni 230\u00b0C vetruvad turmaliinkattega keraamilised plaadid &#8211; 24 x 87 mm automaatne v\u00e4ljal\u00fclitus 60 min. m\u00f6\u00f6dumisel digitaalne temperatuuri reguleerimine kaal &#8211; 240 g p\u00f6\u00f6rlev juhe &#8211; 2,5 m Tootja: &nbsp; [&hellip;]<\/p>\n","protected":false},"featured_media":11059,"comment_status":"closed","ping_status":"closed","template":"","meta":[],"product_cat":[792,710,401,280,338],"product_tag":[],"class_list":{"0":"post-11058","1":"product","2":"type-product","3":"status-publish","4":"has-post-thumbnail","6":"product_cat-uued-tooted","7":"product_cat-cera-professional","8":"product_cat-juuksuri-tarvikud","9":"product_cat-elektrilised-toovahendid","10":"product_cat-sirgendajad","12":"first","13":"instock","14":"taxable","15":"shipping-taxable","16":"purchasable","17":"product-type-simple"},"_links":{"self":[{"href":"https:\/\/saxsim.ee\/swp\/wp-json\/wp\/v2\/product\/11058"}],"collection":[{"href":"https:\/\/saxsim.ee\/swp\/wp-json\/wp\/v2\/product"}],"about":[{"href":"https:\/\/saxsim.ee\/swp\/wp-json\/wp\/v2\/types\/product"}],"replies":[{"embeddable":true,"href":"https:\/\/saxsim.ee\/swp\/wp-json\/wp\/v2\/comments?post=11058"}],"wp:featuredmedia":[{"embeddable":true,"href":"https:\/\/saxsim.ee\/swp\/wp-json\/wp\/v2\/media\/11059"}],"wp:attachment":[{"href":"https:\/\/saxsim.ee\/swp\/wp-json\/wp\/v2\/media?parent=11058"}],"wp:term":[{"taxonomy":"product_cat","embeddable":true,"href":"https:\/\/saxsim.ee\/swp\/wp-json\/wp\/v2\/product_cat?post=11058"},{"taxonomy":"product_tag","embeddable":true,"href":"https:\/\/saxsim.ee\/swp\/wp-json\/wp\/v2\/product_tag?post=11058"}],"curies":[{"name":"wp","href":"https:\/\/api.w.org\/{rel}","templated":true}]}}