{"id":11017,"date":"2022-11-17T20:22:50","date_gmt":"2022-11-17T18:22:50","guid":{"rendered":"https:\/\/www.saxsim.ee\/?post_type=product&#038;p=11017"},"modified":"2026-04-02T10:01:32","modified_gmt":"2026-04-02T07:01:32","slug":"argan-fluid-oil-100-ml-oliravi-koikidele-juuksetuupidele","status":"publish","type":"product","link":"https:\/\/saxsim.ee\/swp\/product\/argan-fluid-oil-100-ml-oliravi-koikidele-juuksetuupidele\/","title":{"rendered":"Argan Fluid Oil 100 ml &#8211; \u00f5liravi k\u00f5ikidele juukset\u00fc\u00fcpidele"},"content":{"rendered":"<p>3 \u00f5list ( Argania Spinosa Kernel Oil, Limnanthes Alba Seed Oil, Linum Usitatissimum Seed Oil ) koosnev, erakordne soengu-, viimistlus- ja hooldustoode, mis imendub kiiresti juustesse. Eemaldab juustest kahu, teeb nad kergesti kammitavateks ja annab suurep\u00e4rase l\u00e4ike. Hoiab \u00e4ra juuste t\u00f6\u00f6tlemiset, v\u00e4rvimisest v\u00f5i keskkonnam\u00f5judest tingitud kahjustused. Argan Fluid muudab juuksed elastsemateks, v\u00e4hendades juuste katkemist. Hoiab \u00e4ra juukseotste l\u00f5henemise ja tervendab kahjustatud juukseid. Ei muuda juukseid rasuseks ega raskeks.<\/p>\n<p><strong>Kasutamine:<\/strong><\/p>\n<p><strong>Soenguseadmiseks ja viimistlemiseks: <\/strong>kanna k\u00e4te abil v\u00e4ike kogus Argan Fluid \u00f5li pestud, r\u00e4tikukuivadesse juustesse ja viimistle omal soovil. Ei loputata.<\/p>\n<p><strong>Juuste kaitseks:<\/strong> kanna v\u00e4ike kogus Argan Fluid \u00f5li kuivadesse juustesse, et kaitsta neid p\u00e4ikese, tuule v\u00f5i keskkonnam\u00f5judest tingitud kahjustuste eest. Ei loputata.<\/p>\n<p><strong>V\u00e4rvimise ja keemiliste t\u00f6\u00f6tluste puhul: <\/strong>enne v\u00e4rvimist, triibutamist v\u00f5i teiste keemiliste t\u00f6\u00f6tluste tegemist, kandke Argan Fluid \u00f5li ohtralt juustesse ja masseerige neid \u00f5rnalt. Doseerige vastavalt juukset\u00fc\u00fcbile ja pikkusele. \u00c4rge loputage juukseid enne v\u00e4rvimist v\u00f5i keemilise t\u00f6\u00f6tluse tegemist. Lisage m\u00f5ned tilgad \u00f5li v\u00e4rvisegule, et suurendada juuste imavusm\u00e4\u00e4ra ning v\u00e4rvi s\u00e4ra ja s\u00fcgavust.<\/p>\n<p><strong>Juuksepikenduste puhul: <\/strong>kasutage\u00a0Argan Fluid \u00f5li juuksepikenduste kammitavuse parandamiseks.<\/p>\n<p>Valmistatud: Hispaanias<\/p>\n","protected":false},"excerpt":{"rendered":"<p>3 \u00f5list ( Argania Spinosa Kernel Oil, Limnanthes Alba Seed Oil, Linum Usitatissimum Seed Oil ) koosnev, erakordne soengu-, viimistlus- ja hooldustoode, mis imendub kiiresti juustesse. Eemaldab juustest kahu, teeb nad kergesti kammitavateks ja annab suurep\u00e4rase l\u00e4ike. Hoiab \u00e4ra juuste t\u00f6\u00f6tlemiset, v\u00e4rvimisest v\u00f5i keskkonnam\u00f5judest tingitud kahjustused. Argan Fluid muudab juuksed elastsemateks, v\u00e4hendades juuste katkemist. Hoiab [&hellip;]<\/p>\n","protected":false},"featured_media":11018,"comment_status":"closed","ping_status":"closed","template":"","meta":[],"product_cat":[107,251,759,395,661,663],"product_tag":[],"class_list":{"0":"post-11017","1":"product","2":"type-product","3":"status-publish","4":"has-post-thumbnail","6":"product_cat-pakkumised","7":"product_cat-lopumuuk","8":"product_cat-sibel-hair-care","9":"product_cat-juuksed","10":"product_cat-pahejaetavad-hooldusained","11":"product_cat-juukseolid-toonikud-ja-seerumid","13":"first","14":"instock","15":"sale","16":"taxable","17":"shipping-taxable","18":"purchasable","19":"product-type-simple"},"_links":{"self":[{"href":"https:\/\/saxsim.ee\/swp\/wp-json\/wp\/v2\/product\/11017"}],"collection":[{"href":"https:\/\/saxsim.ee\/swp\/wp-json\/wp\/v2\/product"}],"about":[{"href":"https:\/\/saxsim.ee\/swp\/wp-json\/wp\/v2\/types\/product"}],"replies":[{"embeddable":true,"href":"https:\/\/saxsim.ee\/swp\/wp-json\/wp\/v2\/comments?post=11017"}],"wp:featuredmedia":[{"embeddable":true,"href":"https:\/\/saxsim.ee\/swp\/wp-json\/wp\/v2\/media\/11018"}],"wp:attachment":[{"href":"https:\/\/saxsim.ee\/swp\/wp-json\/wp\/v2\/media?parent=11017"}],"wp:term":[{"taxonomy":"product_cat","embeddable":true,"href":"https:\/\/saxsim.ee\/swp\/wp-json\/wp\/v2\/product_cat?post=11017"},{"taxonomy":"product_tag","embeddable":true,"href":"https:\/\/saxsim.ee\/swp\/wp-json\/wp\/v2\/product_tag?post=11017"}],"curies":[{"name":"wp","href":"https:\/\/api.w.org\/{rel}","templated":true}]}}