{"id":11008,"date":"2022-11-15T20:43:21","date_gmt":"2022-11-15T18:43:21","guid":{"rendered":"https:\/\/www.saxsim.ee\/?post_type=product&#038;p=11008"},"modified":"2025-10-01T09:59:19","modified_gmt":"2025-10-01T06:59:19","slug":"panasonic-er-dgp84-juukseloikusmasin","status":"publish","type":"product","link":"https:\/\/saxsim.ee\/swp\/product\/panasonic-er-dgp84-juukseloikusmasin\/","title":{"rendered":"Panasonic ER-DGP84 &#8211; juuksel\u00f5ikusmasin"},"content":{"rendered":"<p>V\u00f5imsa lineaarmootoriga, vaikne, juhtmega\/juhtmeta juuksel\u00f5ikusmasin n\u00f5udlikule professionaalile. L\u00f5ikej\u00f5udluse 62 000 juuksekarva sekundis, mis on 17% suurem l\u00f5ikev\u00f5imsus kui Panasonic ER-1611. V\u00f5imas liitiumioonaku hoiab peaaegu t\u00e4ielikult \u00e4ra aku sagedase laadimise korral j\u00e4rkj\u00e4rgulise j\u00f5udluse v\u00e4henemise (= m\u00e4luefekt). Seade on ergonoomiliselt vormitud ja k\u00e4epide on libisemisvastase kattega, mis tagab kindla haarde.<\/p>\n<p><strong>Tehnilised andmed:<\/strong><\/p>\n<p>100-240 V<br \/>\nv\u00f5imas lineaarmootor<br \/>\nLi-Ion aku 3,6 V<br \/>\nindikaatortuled\u00a0aku laetusastme kuvamiseks<br \/>\nakutoitel t\u00f6\u00f6tab &#8211; 50 min.<br \/>\naku laadimisaeg &#8211; 60 min.<br \/>\nl\u00f5iketera pikkuse reguleerimine (0,8 &#8211; 2 mm.)<br \/>\nkaal &#8211; 245 g. ( ilma juhtmeta )<br \/>\njuhe &#8211; 3 m.<\/p>\n<p><strong>Komplektis:<\/strong><\/p>\n<p>1 X-kujuline 2.0 45\u00b0 l\u00f5ikenurgaga l\u00f5ikustera ( laius &#8211; 45 mm. )<br \/>\nteise p\u00f5lvkonna s\u00fcsinikkatet iseloomustab veelgi k\u00f5rgem k\u00f5vadus<br \/>\n&#8211; DLC-kattega liikuv tera ( terade kattematerjal on 3-4 korda vastupidavam, kui mudelil Panasonic ER-GP80 )<br \/>\n4 erinevat l\u00f5ikustalda ( 3\/4 mm., 6\/9 mm., 12\/15 mm., 19\/25 mm. )<br \/>\nlaadimisalus koos juhtmega<br \/>\npuhastushari<br \/>\nmasina\u00f5li<br \/>\nveluur kott<\/p>\n","protected":false},"excerpt":{"rendered":"<p>V\u00f5imsa lineaarmootoriga, vaikne, juhtmega\/juhtmeta juuksel\u00f5ikusmasin n\u00f5udlikule professionaalile. L\u00f5ikej\u00f5udluse 62 000 juuksekarva sekundis, mis on 17% suurem l\u00f5ikev\u00f5imsus kui Panasonic ER-1611. V\u00f5imas liitiumioonaku hoiab peaaegu t\u00e4ielikult \u00e4ra aku sagedase laadimise korral j\u00e4rkj\u00e4rgulise j\u00f5udluse v\u00e4henemise (= m\u00e4luefekt). Seade on ergonoomiliselt vormitud ja k\u00e4epide on libisemisvastase kattega, mis tagab kindla haarde. Tehnilised andmed: 100-240 V v\u00f5imas lineaarmootor Li-Ion [&hellip;]<\/p>\n","protected":false},"featured_media":7379,"comment_status":"closed","ping_status":"closed","template":"","meta":[],"product_cat":[669,401,280,286],"product_tag":[],"class_list":{"0":"post-11008","1":"product","2":"type-product","3":"status-publish","4":"has-post-thumbnail","6":"product_cat-panasonic","7":"product_cat-juuksuri-tarvikud","8":"product_cat-elektrilised-toovahendid","9":"product_cat-loikusmasinad-ja-trimmerid","11":"first","12":"instock","13":"taxable","14":"shipping-taxable","15":"purchasable","16":"product-type-simple"},"_links":{"self":[{"href":"https:\/\/saxsim.ee\/swp\/wp-json\/wp\/v2\/product\/11008"}],"collection":[{"href":"https:\/\/saxsim.ee\/swp\/wp-json\/wp\/v2\/product"}],"about":[{"href":"https:\/\/saxsim.ee\/swp\/wp-json\/wp\/v2\/types\/product"}],"replies":[{"embeddable":true,"href":"https:\/\/saxsim.ee\/swp\/wp-json\/wp\/v2\/comments?post=11008"}],"wp:featuredmedia":[{"embeddable":true,"href":"https:\/\/saxsim.ee\/swp\/wp-json\/wp\/v2\/media\/7379"}],"wp:attachment":[{"href":"https:\/\/saxsim.ee\/swp\/wp-json\/wp\/v2\/media?parent=11008"}],"wp:term":[{"taxonomy":"product_cat","embeddable":true,"href":"https:\/\/saxsim.ee\/swp\/wp-json\/wp\/v2\/product_cat?post=11008"},{"taxonomy":"product_tag","embeddable":true,"href":"https:\/\/saxsim.ee\/swp\/wp-json\/wp\/v2\/product_tag?post=11008"}],"curies":[{"name":"wp","href":"https:\/\/api.w.org\/{rel}","templated":true}]}}