{"id":11003,"date":"2022-11-15T10:14:44","date_gmt":"2022-11-15T08:14:44","guid":{"rendered":"https:\/\/www.saxsim.ee\/?post_type=product&#038;p=11003"},"modified":"2025-10-08T08:14:33","modified_gmt":"2025-10-08T05:14:33","slug":"babyliss-pro-big-curls-rullfoon","status":"publish","type":"product","link":"https:\/\/saxsim.ee\/swp\/product\/babyliss-pro-big-curls-rullfoon\/","title":{"rendered":"BaByliss Pro Big Curls &#8211; rullf\u00f6\u00f6n"},"content":{"rendered":"<p>Kolme vahetatava otsikuga rullf\u00f6\u00f6n.<\/p>\n<p><strong>Tehnilised andmed:<\/strong><\/p>\n<p>v\u00f5imsus &#8211; 400 W<br \/>\npehmete elastsete harjastega otsik &#8211; 25 mm<br \/>\ntugevate plastharjastega otsik &#8211; 38 mm<br \/>\nlokitangide otsik &#8211; 38 mm<br \/>\notsikutel mittekuumenev ots<br \/>\n2 temperatuuri astet<br \/>\n1 kiirus<br \/>\np\u00f6\u00f6rlev juhe &#8211; 1,8 m<br \/>\nkaal &#8211; 350 g. ( koos juhtmega )<br \/>\nm\u00f5\u00f5dud &#8211; u. 36 cm x 5 cm x 5 cm<\/p>\n","protected":false},"excerpt":{"rendered":"<p>Kolme vahetatava otsikuga rullf\u00f6\u00f6n. Tehnilised andmed: v\u00f5imsus &#8211; 400 W pehmete elastsete harjastega otsik &#8211; 25 mm tugevate plastharjastega otsik &#8211; 38 mm lokitangide otsik &#8211; 38 mm otsikutel mittekuumenev ots 2 temperatuuri astet 1 kiirus p\u00f6\u00f6rlev juhe &#8211; 1,8 m kaal &#8211; 350 g. ( koos juhtmega ) m\u00f5\u00f5dud &#8211; u. 36 cm x [&hellip;]<\/p>\n","protected":false},"featured_media":11004,"comment_status":"closed","ping_status":"closed","template":"","meta":[],"product_cat":[401,280,593],"product_tag":[],"class_list":{"0":"post-11003","1":"product","2":"type-product","3":"status-publish","4":"has-post-thumbnail","6":"product_cat-juuksuri-tarvikud","7":"product_cat-elektrilised-toovahendid","8":"product_cat-rullfoonid","10":"first","11":"instock","12":"taxable","13":"shipping-taxable","14":"purchasable","15":"product-type-simple"},"_links":{"self":[{"href":"https:\/\/saxsim.ee\/swp\/wp-json\/wp\/v2\/product\/11003"}],"collection":[{"href":"https:\/\/saxsim.ee\/swp\/wp-json\/wp\/v2\/product"}],"about":[{"href":"https:\/\/saxsim.ee\/swp\/wp-json\/wp\/v2\/types\/product"}],"replies":[{"embeddable":true,"href":"https:\/\/saxsim.ee\/swp\/wp-json\/wp\/v2\/comments?post=11003"}],"wp:featuredmedia":[{"embeddable":true,"href":"https:\/\/saxsim.ee\/swp\/wp-json\/wp\/v2\/media\/11004"}],"wp:attachment":[{"href":"https:\/\/saxsim.ee\/swp\/wp-json\/wp\/v2\/media?parent=11003"}],"wp:term":[{"taxonomy":"product_cat","embeddable":true,"href":"https:\/\/saxsim.ee\/swp\/wp-json\/wp\/v2\/product_cat?post=11003"},{"taxonomy":"product_tag","embeddable":true,"href":"https:\/\/saxsim.ee\/swp\/wp-json\/wp\/v2\/product_tag?post=11003"}],"curies":[{"name":"wp","href":"https:\/\/api.w.org\/{rel}","templated":true}]}}