{"id":10885,"date":"2022-10-18T07:38:04","date_gmt":"2022-10-18T04:38:04","guid":{"rendered":"https:\/\/www.saxsim.ee\/?post_type=product&#038;p=10885"},"modified":"2025-07-02T12:28:46","modified_gmt":"2025-07-02T09:28:46","slug":"system4-o-oil-cure-scalp-treatment-150-ml-peanahka-kooriv-ja-raviv-terapeutiline-mask","status":"publish","type":"product","link":"https:\/\/saxsim.ee\/swp\/product\/system4-o-oil-cure-scalp-treatment-150-ml-peanahka-kooriv-ja-raviv-terapeutiline-mask\/","title":{"rendered":"System4 &#8211; O Oil Cure Scalp Treatment 150 ml &#8211; peanahka kooriv ja raviv terapeutiline mask"},"content":{"rendered":"<p>&#8211; Koorib \u00f5rnalt peanahka<br \/>\n&#8211; Leevendab peanaha \u00e4rritust ja s\u00fcgelust<br \/>\n&#8211; Niisutab juukseid ja peanahka<br \/>\n&#8211; Muudab juuksed kaunilt l\u00e4ikivateks<br \/>\n&#8211; Vegan ja dermatoloogiliselt testitud<br \/>\n&#8211; Pudel on valmistatud 50% taaskasutatud plastikust<\/p>\n<p>O Oil Cure Scalp Treatment on terapeutiline peanahka kooriv mask, mis sobib ideaalselt kuivale peanahale. Mask koorib \u00f5rnalt peanahka, eemaldades surnud naharakud, k\u00f5\u00f5ma, rasu ja viimistlusainete j\u00e4\u00e4gid. Niisutab, leevendab s\u00fcgelust ja \u00e4rritust. V\u00f5ib kasutada palsamina kogu juuste pikkuses. Niisutab ja annab juustele kauni l\u00e4ike. Sisaldab salits\u00fc\u00fclhapet, mis toimib nahka kooriva ainena. Mitte kasutada alla 3-aastastel lastel.<\/p>\n<p>pH:\u00a03,0<\/p>\n<p><strong>Kasutamine:<\/strong> Kandke mask aplikaatori abil puhtale peanahale ja masseerige s\u00f5rmeotstega, ringjate liigutustega \u00f5rnalt peanahka. Vajadusel kandke toodet kogu juuste pikkusesse. Laske m\u00f5juda 5-30 minutit ja loputage hoolikalt.<\/p>\n","protected":false},"excerpt":{"rendered":"<p>&#8211; Koorib \u00f5rnalt peanahka &#8211; Leevendab peanaha \u00e4rritust ja s\u00fcgelust &#8211; Niisutab juukseid ja peanahka &#8211; Muudab juuksed kaunilt l\u00e4ikivateks &#8211; Vegan ja dermatoloogiliselt testitud &#8211; Pudel on valmistatud 50% taaskasutatud plastikust O Oil Cure Scalp Treatment on terapeutiline peanahka kooriv mask, mis sobib ideaalselt kuivale peanahale. Mask koorib \u00f5rnalt peanahka, eemaldades surnud naharakud, k\u00f5\u00f5ma, [&hellip;]<\/p>\n","protected":false},"featured_media":10886,"comment_status":"closed","ping_status":"closed","template":"","meta":[],"product_cat":[672,395,660,662],"product_tag":[],"class_list":{"0":"post-10885","1":"product","2":"type-product","3":"status-publish","4":"has-post-thumbnail","6":"product_cat-system-4","7":"product_cat-juuksed","8":"product_cat-palsamid","9":"product_cat-juuksemaskid-ja-taastavad-vahendid","11":"first","12":"instock","13":"downloadable","14":"virtual","15":"taxable","16":"purchasable","17":"product-type-simple"},"_links":{"self":[{"href":"https:\/\/saxsim.ee\/swp\/wp-json\/wp\/v2\/product\/10885"}],"collection":[{"href":"https:\/\/saxsim.ee\/swp\/wp-json\/wp\/v2\/product"}],"about":[{"href":"https:\/\/saxsim.ee\/swp\/wp-json\/wp\/v2\/types\/product"}],"replies":[{"embeddable":true,"href":"https:\/\/saxsim.ee\/swp\/wp-json\/wp\/v2\/comments?post=10885"}],"wp:featuredmedia":[{"embeddable":true,"href":"https:\/\/saxsim.ee\/swp\/wp-json\/wp\/v2\/media\/10886"}],"wp:attachment":[{"href":"https:\/\/saxsim.ee\/swp\/wp-json\/wp\/v2\/media?parent=10885"}],"wp:term":[{"taxonomy":"product_cat","embeddable":true,"href":"https:\/\/saxsim.ee\/swp\/wp-json\/wp\/v2\/product_cat?post=10885"},{"taxonomy":"product_tag","embeddable":true,"href":"https:\/\/saxsim.ee\/swp\/wp-json\/wp\/v2\/product_tag?post=10885"}],"curies":[{"name":"wp","href":"https:\/\/api.w.org\/{rel}","templated":true}]}}