{"id":10832,"date":"2022-10-09T19:27:41","date_gmt":"2022-10-09T16:27:41","guid":{"rendered":"https:\/\/www.saxsim.ee\/?post_type=product&#038;p=10832"},"modified":"2025-07-02T12:40:39","modified_gmt":"2025-07-02T09:40:39","slug":"system4-4-shale-oil-shampoo-250-ml-sampoon-rasusele-peanahale","status":"publish","type":"product","link":"https:\/\/saxsim.ee\/swp\/product\/system4-4-shale-oil-shampoo-250-ml-sampoon-rasusele-peanahale\/","title":{"rendered":"System4 &#8211; 4 Shale Oil Shampoo 250 ml &#8211; \u0161ampoon rasusele peanahale"},"content":{"rendered":"<p>\u2013 <span class=\"VIiyi\" lang=\"et\"><span class=\"JLqJ4b ChMk0b\"><span class=\"Q4iAWc\">V\u00e4hendab liigset rasu teket<\/span><\/span><\/span><br \/>\n\u2013 <span class=\"VIiyi\" lang=\"et\"><span class=\"JLqJ4b ChMk0b\"><span class=\"Q4iAWc\">Rahustab peanahka<\/span><\/span><\/span><br \/>\n\u2013 <span class=\"VIiyi\" lang=\"et\"><span class=\"JLqJ4b ChMk0b\"><span class=\"Q4iAWc\">V\u00e4hendab peanaha s\u00fcgelemist<\/span><\/span><\/span><br \/>\n\u2013 L\u00f5hnainetevaba ja vegan<br \/>\n\u2013 Pudel on valmistatud 100% taaskasutatud plastikust<\/p>\n<p><span class=\"VIiyi\" lang=\"et\"><span class=\"JLqJ4b ChMk0b\"><span class=\"Q4iAWc\">T\u00f5hus eri\u0161ampoon liiga rasustele juustele ja tundlikule peanahale.<\/span><\/span> <span class=\"JLqJ4b ChMk0b\"><span class=\"Q4iAWc\">Rahustab \u00e4rritunud peanahka ja toetab selle loomulikku niiskustasakaalu.\u00a0<\/span><\/span><span class=\"JLqJ4b ChMk0b\"><span class=\"Q4iAWc\">P\u00f5levkivi\u00f5li tasakaalustab liigset rasueritust ning rahustab s\u00fcgelevat ja \u00e4rritunud peanahka.<\/span><\/span> <span class=\"JLqJ4b ChMk0b\"><span class=\"Q4iAWc\">Mentool v\u00e4rskendab ja soodustab peanaha pindmist vereringet.<\/span><\/span><\/span><\/p>\n<p><strong><u>Kasutamine:<\/u><\/strong> Kanna \u0161ampoon niisketesse juustesse ja peanahale, lase m\u00f5juda 2-5 minutit, pese ja loputa hoolikalt. <span class=\"VIiyi\" lang=\"et\"><span class=\"JLqJ4b ChMk0b\"><span class=\"Q4iAWc\">P\u00f6\u00f6rake t\u00e4helepanu tavalisest \u0161ampoonist pikemale m\u00f5juajale.<\/span><\/span><\/span><\/p>\n","protected":false},"excerpt":{"rendered":"<p>\u2013 V\u00e4hendab liigset rasu teket \u2013 Rahustab peanahka \u2013 V\u00e4hendab peanaha s\u00fcgelemist \u2013 L\u00f5hnainetevaba ja vegan \u2013 Pudel on valmistatud 100% taaskasutatud plastikust T\u00f5hus eri\u0161ampoon liiga rasustele juustele ja tundlikule peanahale. Rahustab \u00e4rritunud peanahka ja toetab selle loomulikku niiskustasakaalu.\u00a0P\u00f5levkivi\u00f5li tasakaalustab liigset rasueritust ning rahustab s\u00fcgelevat ja \u00e4rritunud peanahka. Mentool v\u00e4rskendab ja soodustab peanaha pindmist vereringet. [&hellip;]<\/p>\n","protected":false},"featured_media":10833,"comment_status":"closed","ping_status":"closed","template":"","meta":[],"product_cat":[672,395,659],"product_tag":[],"class_list":{"0":"post-10832","1":"product","2":"type-product","3":"status-publish","4":"has-post-thumbnail","6":"product_cat-system-4","7":"product_cat-juuksed","8":"product_cat-sampoonid","10":"first","11":"instock","12":"downloadable","13":"virtual","14":"taxable","15":"purchasable","16":"product-type-simple"},"_links":{"self":[{"href":"https:\/\/saxsim.ee\/swp\/wp-json\/wp\/v2\/product\/10832"}],"collection":[{"href":"https:\/\/saxsim.ee\/swp\/wp-json\/wp\/v2\/product"}],"about":[{"href":"https:\/\/saxsim.ee\/swp\/wp-json\/wp\/v2\/types\/product"}],"replies":[{"embeddable":true,"href":"https:\/\/saxsim.ee\/swp\/wp-json\/wp\/v2\/comments?post=10832"}],"wp:featuredmedia":[{"embeddable":true,"href":"https:\/\/saxsim.ee\/swp\/wp-json\/wp\/v2\/media\/10833"}],"wp:attachment":[{"href":"https:\/\/saxsim.ee\/swp\/wp-json\/wp\/v2\/media?parent=10832"}],"wp:term":[{"taxonomy":"product_cat","embeddable":true,"href":"https:\/\/saxsim.ee\/swp\/wp-json\/wp\/v2\/product_cat?post=10832"},{"taxonomy":"product_tag","embeddable":true,"href":"https:\/\/saxsim.ee\/swp\/wp-json\/wp\/v2\/product_tag?post=10832"}],"curies":[{"name":"wp","href":"https:\/\/api.w.org\/{rel}","templated":true}]}}