{"id":10823,"date":"2022-10-09T16:46:54","date_gmt":"2022-10-09T13:46:54","guid":{"rendered":"https:\/\/www.saxsim.ee\/?post_type=product&#038;p=10823"},"modified":"2025-07-02T11:53:52","modified_gmt":"2025-07-02T08:53:52","slug":"system4-t-scalp-tonic-500-ml-rasuse-peanaha-hooldusaine","status":"publish","type":"product","link":"https:\/\/saxsim.ee\/swp\/product\/system4-t-scalp-tonic-500-ml-rasuse-peanaha-hooldusaine\/","title":{"rendered":"System4 T Scalp Tonic 500 ml &#8211; rasuse peanaha hooldusaine"},"content":{"rendered":"<p>\u2013 <span class=\"VIiyi\" lang=\"et\"><span class=\"JLqJ4b ChMk0b\"><span class=\"Q4iAWc\">Hoiab \u00e4ra peanahale rasu tekkimise<\/span><\/span><\/span><br \/>\n\u2013 <span class=\"VIiyi\" lang=\"et\"><span class=\"JLqJ4b ChMk0b\"><span class=\"Q4iAWc\">Eemaldab rasuse k\u00f5\u00f5ma ja hoiab \u00e4ra selle tekkimise<\/span><\/span><\/span><br \/>\n\u2013 <span class=\"VIiyi\" lang=\"et\"><span class=\"JLqJ4b ChMk0b\"><span class=\"Q4iAWc\">Rahustab s\u00fcgelevat peanahka<\/span><\/span><\/span><br \/>\n\u2013 <span class=\"VIiyi\" lang=\"et\"><span class=\"JLqJ4b ChMk0b\"><span class=\"Q4iAWc\">Parandab peanaha mikrotsirkulatsiooni<\/span><\/span><\/span><br \/>\n\u2013 Vegan<br \/>\n\u2013 Pudel on valmistatud 100% taaskasutatud plastikust<\/p>\n<p><span class=\"VIiyi\" lang=\"et\">\u00a0<span class=\"JLqJ4b ChMk0b\"><span class=\"Q4iAWc\">Sobib igap\u00e4evaseks kasutamiseks. Scalp Tonic aitab lahustada kristalliseerunud rasu, ennetab peanaha rasvaseks muutumist ja leevendab s\u00fcgelust.<\/span><\/span> <span class=\"JLqJ4b ChMk0b\"><span class=\"Q4iAWc\">Sisaldab salits\u00fc\u00fclhapet, mis toimib kooriva ainena.<\/span><\/span> <span class=\"JLqJ4b ChMk0b\"><span class=\"Q4iAWc\">Mentool v\u00e4rskendab ja stimuleerib vereringe mikrotsirkulatsiooni.<\/span><\/span><\/span><\/p>\n<p>pH:\u00a03,5<\/p>\n<p><strong><u>Kasutamine:<\/u><\/strong> H\u00f5\u00f5ru \u00f5rnalt masseerides ravivedelik pestud v\u00f5i kuivale peanahale. EI LOPUTATA. <span class=\"VIiyi\" lang=\"et\"><span class=\"JLqJ4b ChMk0b\"><span class=\"Q4iAWc\">V\u00f5ib kasutada igap\u00e4evaselt ja pesukordade vahel.<\/span><\/span>\u00a0<\/span><\/p>\n<p><span class=\"VIiyi\" lang=\"et\">Mitte kasutada alla 3-aastastel lastel.<\/span><\/p>\n","protected":false},"excerpt":{"rendered":"<p>\u2013 Hoiab \u00e4ra peanahale rasu tekkimise \u2013 Eemaldab rasuse k\u00f5\u00f5ma ja hoiab \u00e4ra selle tekkimise \u2013 Rahustab s\u00fcgelevat peanahka \u2013 Parandab peanaha mikrotsirkulatsiooni \u2013 Vegan \u2013 Pudel on valmistatud 100% taaskasutatud plastikust \u00a0Sobib igap\u00e4evaseks kasutamiseks. Scalp Tonic aitab lahustada kristalliseerunud rasu, ennetab peanaha rasvaseks muutumist ja leevendab s\u00fcgelust. Sisaldab salits\u00fc\u00fclhapet, mis toimib kooriva ainena. Mentool [&hellip;]<\/p>\n","protected":false},"featured_media":10824,"comment_status":"closed","ping_status":"closed","template":"","meta":[],"product_cat":[672,395,661,663],"product_tag":[],"class_list":{"0":"post-10823","1":"product","2":"type-product","3":"status-publish","4":"has-post-thumbnail","6":"product_cat-system-4","7":"product_cat-juuksed","8":"product_cat-pahejaetavad-hooldusained","9":"product_cat-juukseolid-toonikud-ja-seerumid","11":"first","12":"instock","13":"downloadable","14":"virtual","15":"taxable","16":"purchasable","17":"product-type-simple"},"_links":{"self":[{"href":"https:\/\/saxsim.ee\/swp\/wp-json\/wp\/v2\/product\/10823"}],"collection":[{"href":"https:\/\/saxsim.ee\/swp\/wp-json\/wp\/v2\/product"}],"about":[{"href":"https:\/\/saxsim.ee\/swp\/wp-json\/wp\/v2\/types\/product"}],"replies":[{"embeddable":true,"href":"https:\/\/saxsim.ee\/swp\/wp-json\/wp\/v2\/comments?post=10823"}],"wp:featuredmedia":[{"embeddable":true,"href":"https:\/\/saxsim.ee\/swp\/wp-json\/wp\/v2\/media\/10824"}],"wp:attachment":[{"href":"https:\/\/saxsim.ee\/swp\/wp-json\/wp\/v2\/media?parent=10823"}],"wp:term":[{"taxonomy":"product_cat","embeddable":true,"href":"https:\/\/saxsim.ee\/swp\/wp-json\/wp\/v2\/product_cat?post=10823"},{"taxonomy":"product_tag","embeddable":true,"href":"https:\/\/saxsim.ee\/swp\/wp-json\/wp\/v2\/product_tag?post=10823"}],"curies":[{"name":"wp","href":"https:\/\/api.w.org\/{rel}","templated":true}]}}