{"id":1076,"date":"2017-03-08T23:05:30","date_gmt":"2017-03-08T21:05:30","guid":{"rendered":"https:\/\/www.saxsim.ee\/swp\/toode\/sensido-cream-color-mix-tones-9b-grey-for-light-hair\/"},"modified":"2025-07-04T09:45:49","modified_gmt":"2025-07-04T06:45:49","slug":"9b-sensido-3-in-one-cream-color-juuksevarv-professionaalidele","status":"publish","type":"product","link":"https:\/\/saxsim.ee\/swp\/product\/9b-sensido-3-in-one-cream-color-juuksevarv-professionaalidele\/","title":{"rendered":"\/9B SensiDO 3 In One Cream Color \u2013 juuksev\u00e4rv professionaalidele"},"content":{"rendered":"<p><b>\/9B Grey (for light hair)<\/b><\/p>\n<ul>\n<li>Segamisv\u00e4rv<\/li>\n<li><span class=\"VIiyi\" lang=\"et\"><span class=\"JLqJ4b ChMk0b\">\/9A on pigmendirikas hall v\u00e4rv, mida soovitatakse kasutada 7-tumedusastme v\u00f5i tumedamate v\u00e4rvidega<\/span><\/span><\/li>\n<li><span class=\"VIiyi\" lang=\"et\"><span class=\"JLqJ4b ChMk0b\">\/9B soovitatakse kasutada 7-tumedusastme v\u00f5i heledamate v\u00e4rvidega<\/span><\/span><\/li>\n<li><span class=\"VIiyi\" lang=\"et\"> \/3, \/4, \/6, \/8, \/9A ja \/9B k<span class=\"JLqJ4b ChMk0b\">asutatakse v\u00e4rvides intensiivsuse lisamiseks<\/span><\/span><\/li>\n<li><span class=\"VIiyi\" lang=\"et\"><span class=\"JLqJ4b ChMk0b\">Lihtne segada ja peale kanda<\/span><\/span><\/li>\n<li><span class=\"VIiyi\" lang=\"et\"><span class=\"JLqJ4b ChMk0b\">Parf\u00fc\u00fcmivaba ja vegan<\/span><\/span><\/li>\n<\/ul>\n<p>&nbsp;<\/p>\n","protected":false},"excerpt":{"rendered":"<p>\/9B Grey (for light hair) Segamisv\u00e4rv \/9A on pigmendirikas hall v\u00e4rv, mida soovitatakse kasutada 7-tumedusastme v\u00f5i tumedamate v\u00e4rvidega \/9B soovitatakse kasutada 7-tumedusastme v\u00f5i heledamate v\u00e4rvidega \/3, \/4, \/6, \/8, \/9A ja \/9B kasutatakse v\u00e4rvides intensiivsuse lisamiseks Lihtne segada ja peale kanda Parf\u00fc\u00fcmivaba ja vegan &nbsp;<\/p>\n","protected":false},"featured_media":9636,"comment_status":"closed","ping_status":"closed","template":"","meta":[],"product_cat":[395,666,95,390],"product_tag":[637],"class_list":{"0":"post-1076","1":"product","2":"type-product","3":"status-publish","4":"has-post-thumbnail","6":"product_cat-juuksed","7":"product_cat-professionaalseks-kasutamiseks","8":"product_cat-sensido-juuksevarvid","9":"product_cat-sensido-cream-color-3-in-1","10":"product_tag-profitoode","12":"first","13":"instock","14":"taxable","15":"shipping-taxable","16":"purchasable","17":"product-type-simple"},"_links":{"self":[{"href":"https:\/\/saxsim.ee\/swp\/wp-json\/wp\/v2\/product\/1076"}],"collection":[{"href":"https:\/\/saxsim.ee\/swp\/wp-json\/wp\/v2\/product"}],"about":[{"href":"https:\/\/saxsim.ee\/swp\/wp-json\/wp\/v2\/types\/product"}],"replies":[{"embeddable":true,"href":"https:\/\/saxsim.ee\/swp\/wp-json\/wp\/v2\/comments?post=1076"}],"wp:featuredmedia":[{"embeddable":true,"href":"https:\/\/saxsim.ee\/swp\/wp-json\/wp\/v2\/media\/9636"}],"wp:attachment":[{"href":"https:\/\/saxsim.ee\/swp\/wp-json\/wp\/v2\/media?parent=1076"}],"wp:term":[{"taxonomy":"product_cat","embeddable":true,"href":"https:\/\/saxsim.ee\/swp\/wp-json\/wp\/v2\/product_cat?post=1076"},{"taxonomy":"product_tag","embeddable":true,"href":"https:\/\/saxsim.ee\/swp\/wp-json\/wp\/v2\/product_tag?post=1076"}],"curies":[{"name":"wp","href":"https:\/\/api.w.org\/{rel}","templated":true}]}}