{"id":10740,"date":"2022-09-13T19:56:17","date_gmt":"2022-09-13T16:56:17","guid":{"rendered":"https:\/\/www.saxsim.ee\/?post_type=product&#038;p=10740"},"modified":"2024-08-04T10:49:04","modified_gmt":"2024-08-04T07:49:04","slug":"nail-files-sapphire-45-kuuneviil","status":"publish","type":"product","link":"https:\/\/saxsim.ee\/swp\/product\/nail-files-sapphire-45-kuuneviil\/","title":{"rendered":"Nail Files, Sapphire 11,5 cm &#8211; k\u00fc\u00fcneviil"},"content":{"rendered":"<p>K\u00f5rge kvaliteediga, plastikust k\u00e4epidemega metallviil.<\/p>\n<p>Pikkus &#8211; 11,5 cm.<\/p>\n<p>Valmistatud &#8211;\u00a0Solingenis, Saksamaal<\/p>\n<p>&nbsp;<\/p>\n","protected":false},"excerpt":{"rendered":"<p>K\u00f5rge kvaliteediga, plastikust k\u00e4epidemega metallviil. Pikkus &#8211; 11,5 cm. Valmistatud &#8211;\u00a0Solingenis, Saksamaal &nbsp;<\/p>\n","protected":false},"featured_media":10741,"comment_status":"closed","ping_status":"closed","template":"","meta":[],"product_cat":[577,356],"product_tag":[],"class_list":{"0":"post-10740","1":"product","2":"type-product","3":"status-publish","4":"has-post-thumbnail","6":"product_cat-iluteenindaja-tarvikud","7":"product_cat-kuuneviilid","9":"first","10":"instock","11":"taxable","12":"shipping-taxable","13":"purchasable","14":"product-type-simple"},"_links":{"self":[{"href":"https:\/\/saxsim.ee\/swp\/wp-json\/wp\/v2\/product\/10740"}],"collection":[{"href":"https:\/\/saxsim.ee\/swp\/wp-json\/wp\/v2\/product"}],"about":[{"href":"https:\/\/saxsim.ee\/swp\/wp-json\/wp\/v2\/types\/product"}],"replies":[{"embeddable":true,"href":"https:\/\/saxsim.ee\/swp\/wp-json\/wp\/v2\/comments?post=10740"}],"wp:featuredmedia":[{"embeddable":true,"href":"https:\/\/saxsim.ee\/swp\/wp-json\/wp\/v2\/media\/10741"}],"wp:attachment":[{"href":"https:\/\/saxsim.ee\/swp\/wp-json\/wp\/v2\/media?parent=10740"}],"wp:term":[{"taxonomy":"product_cat","embeddable":true,"href":"https:\/\/saxsim.ee\/swp\/wp-json\/wp\/v2\/product_cat?post=10740"},{"taxonomy":"product_tag","embeddable":true,"href":"https:\/\/saxsim.ee\/swp\/wp-json\/wp\/v2\/product_tag?post=10740"}],"curies":[{"name":"wp","href":"https:\/\/api.w.org\/{rel}","templated":true}]}}