{"id":1073,"date":"2017-03-08T23:01:23","date_gmt":"2017-03-08T21:01:23","guid":{"rendered":"https:\/\/www.saxsim.ee\/swp\/toode\/sensido-cream-color-mix-tones-4\/"},"modified":"2025-07-04T09:48:02","modified_gmt":"2025-07-04T06:48:02","slug":"4-sensido-3-in-one-cream-color-juuksevarv-professionaalidele","status":"publish","type":"product","link":"https:\/\/saxsim.ee\/swp\/product\/4-sensido-3-in-one-cream-color-juuksevarv-professionaalidele\/","title":{"rendered":"\/4 SensiDO 3 In One Cream Color \u2013 juuksev\u00e4rv professionaalidele"},"content":{"rendered":"<p><b>\/4 Red<\/b><\/p>\n<ul>\n<li>Segamisv\u00e4rv<\/li>\n<li><span class=\"VIiyi\" lang=\"et\"> \/3, \/4, \/6, \/8, \/9A ja \/9B k<span class=\"JLqJ4b ChMk0b\">asutatakse v\u00e4rvides intensiivsuse lisamiseks<\/span><\/span><\/li>\n<li><span class=\"VIiyi\" lang=\"et\"><span class=\"JLqJ4b ChMk0b\">Lihtne segada ja peale kanda<\/span><\/span><\/li>\n<li><span class=\"VIiyi\" lang=\"et\"><span class=\"JLqJ4b ChMk0b\">Parf\u00fc\u00fcmivaba ja vegan<\/span><\/span><\/li>\n<\/ul>\n<p>&nbsp;<\/p>\n","protected":false},"excerpt":{"rendered":"<p>\/4 Red Segamisv\u00e4rv \/3, \/4, \/6, \/8, \/9A ja \/9B kasutatakse v\u00e4rvides intensiivsuse lisamiseks Lihtne segada ja peale kanda Parf\u00fc\u00fcmivaba ja vegan &nbsp;<\/p>\n","protected":false},"featured_media":9619,"comment_status":"closed","ping_status":"closed","template":"","meta":[],"product_cat":[395,666,95,390],"product_tag":[637],"class_list":{"0":"post-1073","1":"product","2":"type-product","3":"status-publish","4":"has-post-thumbnail","6":"product_cat-juuksed","7":"product_cat-professionaalseks-kasutamiseks","8":"product_cat-sensido-juuksevarvid","9":"product_cat-sensido-cream-color-3-in-1","10":"product_tag-profitoode","12":"first","13":"instock","14":"taxable","15":"shipping-taxable","16":"purchasable","17":"product-type-simple"},"_links":{"self":[{"href":"https:\/\/saxsim.ee\/swp\/wp-json\/wp\/v2\/product\/1073"}],"collection":[{"href":"https:\/\/saxsim.ee\/swp\/wp-json\/wp\/v2\/product"}],"about":[{"href":"https:\/\/saxsim.ee\/swp\/wp-json\/wp\/v2\/types\/product"}],"replies":[{"embeddable":true,"href":"https:\/\/saxsim.ee\/swp\/wp-json\/wp\/v2\/comments?post=1073"}],"wp:featuredmedia":[{"embeddable":true,"href":"https:\/\/saxsim.ee\/swp\/wp-json\/wp\/v2\/media\/9619"}],"wp:attachment":[{"href":"https:\/\/saxsim.ee\/swp\/wp-json\/wp\/v2\/media?parent=1073"}],"wp:term":[{"taxonomy":"product_cat","embeddable":true,"href":"https:\/\/saxsim.ee\/swp\/wp-json\/wp\/v2\/product_cat?post=1073"},{"taxonomy":"product_tag","embeddable":true,"href":"https:\/\/saxsim.ee\/swp\/wp-json\/wp\/v2\/product_tag?post=1073"}],"curies":[{"name":"wp","href":"https:\/\/api.w.org\/{rel}","templated":true}]}}