{"id":10725,"date":"2022-09-11T20:04:04","date_gmt":"2022-09-11T17:04:04","guid":{"rendered":"https:\/\/www.saxsim.ee\/?post_type=product&#038;p=10725"},"modified":"2025-07-10T10:55:05","modified_gmt":"2025-07-10T07:55:05","slug":"blue-bleaching-powder-intense-100-g-blondeerimispulber","status":"publish","type":"product","link":"https:\/\/saxsim.ee\/swp\/product\/blue-bleaching-powder-intense-100-g-blondeerimispulber\/","title":{"rendered":"Blue Bleaching Powder Intense 100 g. &#8211; blondeerimispulber"},"content":{"rendered":"<p>Sinist v\u00e4rvi blondeerimispulber intensiivseks valgendamiseks ja Balayage vabak\u00e4e tehnikaks. T<span class=\"tlid-translation translation\" lang=\"et\"><span class=\"\" title=\"\">eemanttolmuga<\/span><\/span> t<span class=\"tlid-translation translation\" lang=\"et\"><span class=\"\" title=\"\">\u00e4iustatud koostis. Valgendab kuni 8 astet.<\/span><\/span><\/p>\n<p>&nbsp;<\/p>\n<p>&nbsp;<\/p>\n<p>&nbsp;<\/p>\n","protected":false},"excerpt":{"rendered":"<p>Sinist v\u00e4rvi blondeerimispulber intensiivseks valgendamiseks ja Balayage vabak\u00e4e tehnikaks. Teemanttolmuga t\u00e4iustatud koostis. Valgendab kuni 8 astet. &nbsp; &nbsp; &nbsp;<\/p>\n","protected":false},"featured_media":10726,"comment_status":"closed","ping_status":"closed","template":"","meta":[],"product_cat":[792,395,666,247],"product_tag":[637],"class_list":{"0":"post-10725","1":"product","2":"type-product","3":"status-publish","4":"has-post-thumbnail","6":"product_cat-uued-tooted","7":"product_cat-juuksed","8":"product_cat-professionaalseks-kasutamiseks","9":"product_cat-blondeerimisained","10":"product_tag-profitoode","12":"first","13":"instock","14":"taxable","15":"shipping-taxable","16":"purchasable","17":"product-type-simple"},"_links":{"self":[{"href":"https:\/\/saxsim.ee\/swp\/wp-json\/wp\/v2\/product\/10725"}],"collection":[{"href":"https:\/\/saxsim.ee\/swp\/wp-json\/wp\/v2\/product"}],"about":[{"href":"https:\/\/saxsim.ee\/swp\/wp-json\/wp\/v2\/types\/product"}],"replies":[{"embeddable":true,"href":"https:\/\/saxsim.ee\/swp\/wp-json\/wp\/v2\/comments?post=10725"}],"wp:featuredmedia":[{"embeddable":true,"href":"https:\/\/saxsim.ee\/swp\/wp-json\/wp\/v2\/media\/10726"}],"wp:attachment":[{"href":"https:\/\/saxsim.ee\/swp\/wp-json\/wp\/v2\/media?parent=10725"}],"wp:term":[{"taxonomy":"product_cat","embeddable":true,"href":"https:\/\/saxsim.ee\/swp\/wp-json\/wp\/v2\/product_cat?post=10725"},{"taxonomy":"product_tag","embeddable":true,"href":"https:\/\/saxsim.ee\/swp\/wp-json\/wp\/v2\/product_tag?post=10725"}],"curies":[{"name":"wp","href":"https:\/\/api.w.org\/{rel}","templated":true}]}}