{"id":10715,"date":"2022-09-11T16:55:15","date_gmt":"2022-09-11T13:55:15","guid":{"rendered":"https:\/\/www.saxsim.ee\/?post_type=product&#038;p=10715"},"modified":"2022-09-11T16:56:06","modified_gmt":"2022-09-11T13:56:06","slug":"cisoria-class-so-60-loikuskaarid","status":"publish","type":"product","link":"https:\/\/saxsim.ee\/swp\/product\/cisoria-class-so-60-loikuskaarid\/","title":{"rendered":"Cisoria Class SO 6,0&#8243; &#8211; l\u00f5ikusk\u00e4\u00e4rid"},"content":{"rendered":"<p>Roostevabast\u00a0terasest, ergonoomilised, Concave teraga l\u00f5ikusk\u00e4\u00e4rid.<\/p>\n<p>Materjal: 440 C roostevaba teras<\/p>\n<p>HRC: 57 -58\u00b0<\/p>\n<p>&nbsp;<\/p>\n<p>&nbsp;<\/p>\n<p>&nbsp;<\/p>\n","protected":false},"excerpt":{"rendered":"<p>Roostevabast\u00a0terasest, ergonoomilised, Concave teraga l\u00f5ikusk\u00e4\u00e4rid. Materjal: 440 C roostevaba teras HRC: 57 -58\u00b0 &nbsp; &nbsp; &nbsp;<\/p>\n","protected":false},"featured_media":10716,"comment_status":"closed","ping_status":"closed","template":"","meta":[],"product_cat":[735,401,174,276],"product_tag":[],"class_list":{"0":"post-10715","1":"product","2":"type-product","3":"status-publish","4":"has-post-thumbnail","6":"product_cat-cisoria","7":"product_cat-juuksuri-tarvikud","8":"product_cat-kaarid","9":"product_cat-loikuskaarid","11":"first","12":"instock","13":"taxable","14":"shipping-taxable","15":"purchasable","16":"product-type-simple"},"_links":{"self":[{"href":"https:\/\/saxsim.ee\/swp\/wp-json\/wp\/v2\/product\/10715"}],"collection":[{"href":"https:\/\/saxsim.ee\/swp\/wp-json\/wp\/v2\/product"}],"about":[{"href":"https:\/\/saxsim.ee\/swp\/wp-json\/wp\/v2\/types\/product"}],"replies":[{"embeddable":true,"href":"https:\/\/saxsim.ee\/swp\/wp-json\/wp\/v2\/comments?post=10715"}],"wp:featuredmedia":[{"embeddable":true,"href":"https:\/\/saxsim.ee\/swp\/wp-json\/wp\/v2\/media\/10716"}],"wp:attachment":[{"href":"https:\/\/saxsim.ee\/swp\/wp-json\/wp\/v2\/media?parent=10715"}],"wp:term":[{"taxonomy":"product_cat","embeddable":true,"href":"https:\/\/saxsim.ee\/swp\/wp-json\/wp\/v2\/product_cat?post=10715"},{"taxonomy":"product_tag","embeddable":true,"href":"https:\/\/saxsim.ee\/swp\/wp-json\/wp\/v2\/product_tag?post=10715"}],"curies":[{"name":"wp","href":"https:\/\/api.w.org\/{rel}","templated":true}]}}