{"id":1071,"date":"2017-03-08T22:57:29","date_gmt":"2017-03-08T20:57:29","guid":{"rendered":"https:\/\/www.saxsim.ee\/swp\/toode\/sensido-cream-color-mix-tones-0\/"},"modified":"2026-04-17T07:59:19","modified_gmt":"2026-04-17T04:59:19","slug":"0-sensido-3-in-one-cream-color-juuksevarv-professionaalidele","status":"publish","type":"product","link":"https:\/\/saxsim.ee\/swp\/product\/0-sensido-3-in-one-cream-color-juuksevarv-professionaalidele\/","title":{"rendered":"\/0 SensiDO 3 In One Cream Color \u2013 juuksev\u00e4rv professionaalidele"},"content":{"rendered":"<p><b>\/0 Clear<\/b><\/p>\n<ul>\n<li>Segamisv\u00e4rv<\/li>\n<li><span class=\"VIiyi\" lang=\"et\"> <span class=\"JLqJ4b ChMk0b\">Kasutatakse v\u00e4rvitoonide lahjendamiseks<\/span><\/span><\/li>\n<li><span class=\"VIiyi\" lang=\"et\"><span class=\"JLqJ4b ChMk0b\">Muutes v\u00e4rvi heledamaks, s\u00e4ilitab v\u00e4rvitooni intensiivsuse<br \/>\n<\/span><\/span><\/li>\n<li><span class=\"VIiyi\" lang=\"et\"><span class=\"JLqJ4b ChMk0b\">Segage kuni 50% \/0 Clear-i ja 50% SensiDO 3 In One Cream Color v\u00e4rve<br \/>\n<\/span><\/span><\/li>\n<li><span class=\"VIiyi\" lang=\"et\"><span class=\"JLqJ4b ChMk0b\">N\u00e4iteks, kui soovite 6\/77 v\u00e4rvi saada \u00fche tooni heledamaks ( 7\/77 ), siis segage omavahel\u00a0 50% \/0 Clear-i ja 50% SensiDO 3 In One Cream Color 6\/77. <\/span><span class=\"JLqJ4b ChMk0b\">Tulemuseks on \u00fche tooni v\u00f5rra heledam, intensiivne 7\/77.\u00a0\u00a0\u00a0\u00a0 <\/span><span class=\"JLqJ4b ChMk0b\">20 g ( \/0 ) + 20 g ( 6\/77 ) + 40 g vesinikku.<\/span> <\/span><\/li>\n<li><span class=\"VIiyi\" lang=\"et\"><span class=\"JLqJ4b ChMk0b\">Lihtne segada ja peale kanda<\/span><\/span><\/li>\n<li><span class=\"VIiyi\" lang=\"et\"><span class=\"JLqJ4b ChMk0b\">Parf\u00fc\u00fcmivaba ja vegan<\/span><\/span><\/li>\n<\/ul>\n<p>&nbsp;<\/p>\n","protected":false},"excerpt":{"rendered":"<p>\/0 Clear Segamisv\u00e4rv Kasutatakse v\u00e4rvitoonide lahjendamiseks Muutes v\u00e4rvi heledamaks, s\u00e4ilitab v\u00e4rvitooni intensiivsuse Segage kuni 50% \/0 Clear-i ja 50% SensiDO 3 In One Cream Color v\u00e4rve N\u00e4iteks, kui soovite 6\/77 v\u00e4rvi saada \u00fche tooni heledamaks ( 7\/77 ), siis segage omavahel\u00a0 50% \/0 Clear-i ja 50% SensiDO 3 In One Cream Color 6\/77. Tulemuseks on [&hellip;]<\/p>\n","protected":false},"featured_media":9613,"comment_status":"closed","ping_status":"closed","template":"","meta":[],"product_cat":[395,666,95,390],"product_tag":[637],"class_list":{"0":"post-1071","1":"product","2":"type-product","3":"status-publish","4":"has-post-thumbnail","6":"product_cat-juuksed","7":"product_cat-professionaalseks-kasutamiseks","8":"product_cat-sensido-juuksevarvid","9":"product_cat-sensido-cream-color-3-in-1","10":"product_tag-profitoode","12":"first","13":"outofstock","14":"taxable","15":"shipping-taxable","16":"purchasable","17":"product-type-simple"},"_links":{"self":[{"href":"https:\/\/saxsim.ee\/swp\/wp-json\/wp\/v2\/product\/1071"}],"collection":[{"href":"https:\/\/saxsim.ee\/swp\/wp-json\/wp\/v2\/product"}],"about":[{"href":"https:\/\/saxsim.ee\/swp\/wp-json\/wp\/v2\/types\/product"}],"replies":[{"embeddable":true,"href":"https:\/\/saxsim.ee\/swp\/wp-json\/wp\/v2\/comments?post=1071"}],"wp:featuredmedia":[{"embeddable":true,"href":"https:\/\/saxsim.ee\/swp\/wp-json\/wp\/v2\/media\/9613"}],"wp:attachment":[{"href":"https:\/\/saxsim.ee\/swp\/wp-json\/wp\/v2\/media?parent=1071"}],"wp:term":[{"taxonomy":"product_cat","embeddable":true,"href":"https:\/\/saxsim.ee\/swp\/wp-json\/wp\/v2\/product_cat?post=1071"},{"taxonomy":"product_tag","embeddable":true,"href":"https:\/\/saxsim.ee\/swp\/wp-json\/wp\/v2\/product_tag?post=1071"}],"curies":[{"name":"wp","href":"https:\/\/api.w.org\/{rel}","templated":true}]}}