{"id":10683,"date":"2022-09-07T08:44:46","date_gmt":"2022-09-07T05:44:46","guid":{"rendered":"https:\/\/www.saxsim.ee\/?post_type=product&#038;p=10683"},"modified":"2025-07-31T11:59:11","modified_gmt":"2025-07-31T08:59:11","slug":"cera-black-jet-1800-kasifoon","status":"publish","type":"product","link":"https:\/\/saxsim.ee\/swp\/product\/cera-black-jet-1800-kasifoon\/","title":{"rendered":"Cera Black Jet 1800 &#8211; k\u00e4sif\u00f6\u00f6n"},"content":{"rendered":"<p>Vaikne, kerge ja v\u00f5imas f\u00f6\u00f6n.<\/p>\n<p><strong>Tehnilised andmed:<\/strong><\/p>\n<p>v\u00f5imas harjadeta mootor 1800 W<br \/>\n3 kiirust<br \/>\n3 kuumusastet<br \/>\nk\u00fclma \u00f5huvoo nupp<br \/>\nkaal &#8211; 320 g<br \/>\njuhe &#8211; 2,5 m<br \/>\n2 \u00f5husuunajat ( 67 ja 97 mm. )<br \/>\n1 difuusor<\/p>\n<p>Tootja:<\/p>\n","protected":false},"excerpt":{"rendered":"<p>Vaikne, kerge ja v\u00f5imas f\u00f6\u00f6n. Tehnilised andmed: v\u00f5imas harjadeta mootor 1800 W 3 kiirust 3 kuumusastet k\u00fclma \u00f5huvoo nupp kaal &#8211; 320 g juhe &#8211; 2,5 m 2 \u00f5husuunajat ( 67 ja 97 mm. ) 1 difuusor Tootja:<\/p>\n","protected":false},"featured_media":10684,"comment_status":"closed","ping_status":"closed","template":"","meta":[],"product_cat":[792,710,401,280,285],"product_tag":[],"class_list":{"0":"post-10683","1":"product","2":"type-product","3":"status-publish","4":"has-post-thumbnail","6":"product_cat-uued-tooted","7":"product_cat-cera-professional","8":"product_cat-juuksuri-tarvikud","9":"product_cat-elektrilised-toovahendid","10":"product_cat-kasifoonid","12":"first","13":"instock","14":"taxable","15":"shipping-taxable","16":"purchasable","17":"product-type-simple"},"_links":{"self":[{"href":"https:\/\/saxsim.ee\/swp\/wp-json\/wp\/v2\/product\/10683"}],"collection":[{"href":"https:\/\/saxsim.ee\/swp\/wp-json\/wp\/v2\/product"}],"about":[{"href":"https:\/\/saxsim.ee\/swp\/wp-json\/wp\/v2\/types\/product"}],"replies":[{"embeddable":true,"href":"https:\/\/saxsim.ee\/swp\/wp-json\/wp\/v2\/comments?post=10683"}],"wp:featuredmedia":[{"embeddable":true,"href":"https:\/\/saxsim.ee\/swp\/wp-json\/wp\/v2\/media\/10684"}],"wp:attachment":[{"href":"https:\/\/saxsim.ee\/swp\/wp-json\/wp\/v2\/media?parent=10683"}],"wp:term":[{"taxonomy":"product_cat","embeddable":true,"href":"https:\/\/saxsim.ee\/swp\/wp-json\/wp\/v2\/product_cat?post=10683"},{"taxonomy":"product_tag","embeddable":true,"href":"https:\/\/saxsim.ee\/swp\/wp-json\/wp\/v2\/product_tag?post=10683"}],"curies":[{"name":"wp","href":"https:\/\/api.w.org\/{rel}","templated":true}]}}