{"id":1066,"date":"2017-08-20T22:53:50","date_gmt":"2017-08-20T19:53:50","guid":{"rendered":"https:\/\/www.saxsim.ee\/swp\/toode\/sensido-cream-color-intense-highlight-colors-s66\/"},"modified":"2025-07-04T07:41:36","modified_gmt":"2025-07-04T04:41:36","slug":"s66-sensido-3-in-one-cream-color-juuksevarv-professionaalidele","status":"publish","type":"product","link":"https:\/\/saxsim.ee\/swp\/product\/s66-sensido-3-in-one-cream-color-juuksevarv-professionaalidele\/","title":{"rendered":"S66 SensiDO 3 In One Cream Color \u2013 juuksev\u00e4rv professionaalidele"},"content":{"rendered":"<p><b>S\/66 Aubergine<\/b><\/p>\n<ul>\n<li>Salguv\u00e4rv, mis helendab juukseid ja v\u00e4rvib samaaegselt<\/li>\n<li>Helendab kuni 4 astet<\/li>\n<li>N\u00e4iteks balayage, sombre ja ombre-tehnikateks<\/li>\n<li>Naturaalsetesse juustesse saab v\u00e4rvida salke ilma eelneva blondeerimiseta<\/li>\n<li>V\u00f5ib kasutada mix-toonina<\/li>\n<li><span class=\"VIiyi\" lang=\"et\"><span class=\"JLqJ4b ChMk0b\">Lihtne segada ja peale kanda<\/span><\/span><\/li>\n<li><span class=\"VIiyi\" lang=\"et\"><span class=\"JLqJ4b ChMk0b\">Parf\u00fc\u00fcmivaba ja vegan<\/span><\/span><\/li>\n<\/ul>\n<p>&nbsp;<\/p>\n","protected":false},"excerpt":{"rendered":"<p>S\/66 Aubergine Salguv\u00e4rv, mis helendab juukseid ja v\u00e4rvib samaaegselt Helendab kuni 4 astet N\u00e4iteks balayage, sombre ja ombre-tehnikateks Naturaalsetesse juustesse saab v\u00e4rvida salke ilma eelneva blondeerimiseta V\u00f5ib kasutada mix-toonina Lihtne segada ja peale kanda Parf\u00fc\u00fcmivaba ja vegan &nbsp;<\/p>\n","protected":false},"featured_media":9660,"comment_status":"closed","ping_status":"closed","template":"","meta":[],"product_cat":[395,666,95,390,392],"product_tag":[637],"class_list":{"0":"post-1066","1":"product","2":"type-product","3":"status-publish","4":"has-post-thumbnail","6":"product_cat-juuksed","7":"product_cat-professionaalseks-kasutamiseks","8":"product_cat-sensido-juuksevarvid","9":"product_cat-sensido-cream-color-3-in-1","10":"product_cat-sensido-cream-color-intense-highlight-colors","11":"product_tag-profitoode","13":"first","14":"instock","15":"taxable","16":"shipping-taxable","17":"purchasable","18":"product-type-simple"},"_links":{"self":[{"href":"https:\/\/saxsim.ee\/swp\/wp-json\/wp\/v2\/product\/1066"}],"collection":[{"href":"https:\/\/saxsim.ee\/swp\/wp-json\/wp\/v2\/product"}],"about":[{"href":"https:\/\/saxsim.ee\/swp\/wp-json\/wp\/v2\/types\/product"}],"replies":[{"embeddable":true,"href":"https:\/\/saxsim.ee\/swp\/wp-json\/wp\/v2\/comments?post=1066"}],"wp:featuredmedia":[{"embeddable":true,"href":"https:\/\/saxsim.ee\/swp\/wp-json\/wp\/v2\/media\/9660"}],"wp:attachment":[{"href":"https:\/\/saxsim.ee\/swp\/wp-json\/wp\/v2\/media?parent=1066"}],"wp:term":[{"taxonomy":"product_cat","embeddable":true,"href":"https:\/\/saxsim.ee\/swp\/wp-json\/wp\/v2\/product_cat?post=1066"},{"taxonomy":"product_tag","embeddable":true,"href":"https:\/\/saxsim.ee\/swp\/wp-json\/wp\/v2\/product_tag?post=1066"}],"curies":[{"name":"wp","href":"https:\/\/api.w.org\/{rel}","templated":true}]}}