{"id":10559,"date":"2022-08-04T12:00:07","date_gmt":"2022-08-04T09:00:07","guid":{"rendered":"https:\/\/www.saxsim.ee\/?post_type=product&#038;p=10559"},"modified":"2025-07-31T12:18:11","modified_gmt":"2025-07-31T09:18:11","slug":"mini-flat-iron-minisirgendaja-2","status":"publish","type":"product","link":"https:\/\/saxsim.ee\/swp\/product\/mini-flat-iron-minisirgendaja-2\/","title":{"rendered":"Mini Flat Iron &#8211; minisirgendaja"},"content":{"rendered":"<p>V\u00e4ga kitsaste keraamiliste plaatidega minisirgendaja. Sobib ideaalselt ka lokkide tegemiseks. T\u00e4nu v\u00e4ikestele m\u00f5\u00f5tmetele on mugav reisile kaasa v\u00f5tta.<\/p>\n<p><strong>Tehnilised andmed:<\/strong><\/p>\n<p>On\/Off l\u00fcliti<br \/>\nPinge &#8211; 110-240 V<br \/>\nT\u00f6\u00f6temperatuur saavutatakse 20 sekundiga<br \/>\nMaksimaalne temperatuur &#8211; 200\u00b0C<br \/>\nKeraamilised plaadid 12,5 x 60 mm<br \/>\nPikkus &#8211; 15 cm<br \/>\nKaal \u2013 75 g<br \/>\nP\u00f6\u00f6rlev juhe \u2013 3 m<br \/>\nV\u00e4rv: roosa<\/p>\n","protected":false},"excerpt":{"rendered":"<p>V\u00e4ga kitsaste keraamiliste plaatidega minisirgendaja. Sobib ideaalselt ka lokkide tegemiseks. T\u00e4nu v\u00e4ikestele m\u00f5\u00f5tmetele on mugav reisile kaasa v\u00f5tta. Tehnilised andmed: On\/Off l\u00fcliti Pinge &#8211; 110-240 V T\u00f6\u00f6temperatuur saavutatakse 20 sekundiga Maksimaalne temperatuur &#8211; 200\u00b0C Keraamilised plaadid 12,5 x 60 mm Pikkus &#8211; 15 cm Kaal \u2013 75 g P\u00f6\u00f6rlev juhe \u2013 3 m V\u00e4rv: roosa<\/p>\n","protected":false},"featured_media":10560,"comment_status":"closed","ping_status":"closed","template":"","meta":[],"product_cat":[401,280,338,284],"product_tag":[],"class_list":{"0":"post-10559","1":"product","2":"type-product","3":"status-publish","4":"has-post-thumbnail","6":"product_cat-juuksuri-tarvikud","7":"product_cat-elektrilised-toovahendid","8":"product_cat-sirgendajad","9":"product_cat-reisimiseks","11":"first","12":"instock","13":"taxable","14":"shipping-taxable","15":"purchasable","16":"product-type-simple"},"_links":{"self":[{"href":"https:\/\/saxsim.ee\/swp\/wp-json\/wp\/v2\/product\/10559"}],"collection":[{"href":"https:\/\/saxsim.ee\/swp\/wp-json\/wp\/v2\/product"}],"about":[{"href":"https:\/\/saxsim.ee\/swp\/wp-json\/wp\/v2\/types\/product"}],"replies":[{"embeddable":true,"href":"https:\/\/saxsim.ee\/swp\/wp-json\/wp\/v2\/comments?post=10559"}],"wp:featuredmedia":[{"embeddable":true,"href":"https:\/\/saxsim.ee\/swp\/wp-json\/wp\/v2\/media\/10560"}],"wp:attachment":[{"href":"https:\/\/saxsim.ee\/swp\/wp-json\/wp\/v2\/media?parent=10559"}],"wp:term":[{"taxonomy":"product_cat","embeddable":true,"href":"https:\/\/saxsim.ee\/swp\/wp-json\/wp\/v2\/product_cat?post=10559"},{"taxonomy":"product_tag","embeddable":true,"href":"https:\/\/saxsim.ee\/swp\/wp-json\/wp\/v2\/product_tag?post=10559"}],"curies":[{"name":"wp","href":"https:\/\/api.w.org\/{rel}","templated":true}]}}