{"id":10500,"date":"2022-07-18T08:26:29","date_gmt":"2022-07-18T05:26:29","guid":{"rendered":"https:\/\/www.saxsim.ee\/?post_type=product&#038;p=10500"},"modified":"2025-07-02T12:42:50","modified_gmt":"2025-07-02T09:42:50","slug":"system4-3-mild-shampoo-500-ml-terapeutiline-sampoon-peanaha-heaoluks","status":"publish","type":"product","link":"https:\/\/saxsim.ee\/swp\/product\/system4-3-mild-shampoo-500-ml-terapeutiline-sampoon-peanaha-heaoluks\/","title":{"rendered":"System4 \u2013 3 Mild Shampoo 500 ml &#8211; terapeutiline \u0161ampoon peanaha heaoluks"},"content":{"rendered":"<p>\u2013 Leebe ja \u00f5rnatoimeline<br \/>\n\u2013 <span class=\"VIiyi\" lang=\"et\"><span class=\"JLqJ4b ChMk0b\"><span class=\"Q4iAWc\">Saavutatud tulemuste s\u00e4ilitamiseks<\/span><\/span><\/span><br \/>\n\u2013 <span class=\"VIiyi\" lang=\"et\"><span class=\"JLqJ4b ChMk0b\"><span class=\"Q4iAWc\">Rahustab s\u00fcgelevat peanahka<\/span><\/span><\/span><br \/>\n\u2013 <span class=\"VIiyi\" lang=\"et\"><span class=\"JLqJ4b ChMk0b\"><span class=\"Q4iAWc\">Eemaldab k\u00f5\u00f5ma ja hoiab \u00e4ra selle tekkimise<\/span><\/span><\/span><br \/>\n\u2013 L\u00f5hnainetevaba ja dermatoloogiliselt testitud<br \/>\n\u2013 Pudel on valmistatud 100% taaskasutatud plastikust<\/p>\n<p><span class=\"VIiyi\" lang=\"et\"><span class=\"JLqJ4b ChMk0b\"><span class=\"Q4iAWc\">Spetsiaalne, \u00f5rnatoimeline \u0161ampoon igap\u00e4evaseks kasutamiseks.<\/span><\/span> <span class=\"JLqJ4b ChMk0b\"><span class=\"Q4iAWc\">Hoiab \u00e4ra k\u00f5\u00f5ma teket.<\/span><\/span> <span class=\"JLqJ4b ChMk0b\"><span class=\"Q4iAWc\">Rahustab s\u00fcgelust, s\u00e4ilitab peanaha ja juuste hea seisukorra.<\/span><\/span> <span class=\"JLqJ4b ChMk0b\"><span class=\"Q4iAWc\">Peseb t\u00f5husalt, kuid \u00f5rnalt, tehes juuksed puhtaks ja l\u00e4ikivateks.<\/span><\/span> <span class=\"JLqJ4b ChMk0b\"><span class=\"Q4iAWc\">Mild Shampoo sobib kasutamiseks ka j\u00e4relhooldusena, et s\u00e4ilitada saavutatud tulemusi peanaha ravil.<\/span><\/span> <span class=\"JLqJ4b ChMk0b\"><span class=\"Q4iAWc\">Sisaldab salits\u00fc\u00fclhapet, mis toimib kooriva koostisosana.<\/span><\/span> <span class=\"JLqJ4b ChMk0b\"><span class=\"Q4iAWc\">Climbasool takistab k\u00f5\u00f5ma teket.<\/span><\/span> <span class=\"JLqJ4b ChMk0b\"><span class=\"Q4iAWc\">Mitte kasutada alla 3-aastastel lastel.<\/span><\/span> <\/span><br \/>\npH: 4,7<\/p>\n<p><strong><u>Kasutamine:<\/u><\/strong> Kanna \u0161ampoon juustele ja peanahale, lase m\u00f5juda 2-5 minutit, pese ja loputa hoolikalt. Pikem m\u00f5juaeg, kui tavalistel \u0161ampoonidel.<\/p>\n","protected":false},"excerpt":{"rendered":"<p>\u2013 Leebe ja \u00f5rnatoimeline \u2013 Saavutatud tulemuste s\u00e4ilitamiseks \u2013 Rahustab s\u00fcgelevat peanahka \u2013 Eemaldab k\u00f5\u00f5ma ja hoiab \u00e4ra selle tekkimise \u2013 L\u00f5hnainetevaba ja dermatoloogiliselt testitud \u2013 Pudel on valmistatud 100% taaskasutatud plastikust Spetsiaalne, \u00f5rnatoimeline \u0161ampoon igap\u00e4evaseks kasutamiseks. Hoiab \u00e4ra k\u00f5\u00f5ma teket. Rahustab s\u00fcgelust, s\u00e4ilitab peanaha ja juuste hea seisukorra. Peseb t\u00f5husalt, kuid \u00f5rnalt, tehes juuksed [&hellip;]<\/p>\n","protected":false},"featured_media":10501,"comment_status":"closed","ping_status":"closed","template":"","meta":[],"product_cat":[792,672,395,659],"product_tag":[],"class_list":{"0":"post-10500","1":"product","2":"type-product","3":"status-publish","4":"has-post-thumbnail","6":"product_cat-uued-tooted","7":"product_cat-system-4","8":"product_cat-juuksed","9":"product_cat-sampoonid","11":"first","12":"instock","13":"downloadable","14":"virtual","15":"taxable","16":"purchasable","17":"product-type-simple"},"_links":{"self":[{"href":"https:\/\/saxsim.ee\/swp\/wp-json\/wp\/v2\/product\/10500"}],"collection":[{"href":"https:\/\/saxsim.ee\/swp\/wp-json\/wp\/v2\/product"}],"about":[{"href":"https:\/\/saxsim.ee\/swp\/wp-json\/wp\/v2\/types\/product"}],"replies":[{"embeddable":true,"href":"https:\/\/saxsim.ee\/swp\/wp-json\/wp\/v2\/comments?post=10500"}],"wp:featuredmedia":[{"embeddable":true,"href":"https:\/\/saxsim.ee\/swp\/wp-json\/wp\/v2\/media\/10501"}],"wp:attachment":[{"href":"https:\/\/saxsim.ee\/swp\/wp-json\/wp\/v2\/media?parent=10500"}],"wp:term":[{"taxonomy":"product_cat","embeddable":true,"href":"https:\/\/saxsim.ee\/swp\/wp-json\/wp\/v2\/product_cat?post=10500"},{"taxonomy":"product_tag","embeddable":true,"href":"https:\/\/saxsim.ee\/swp\/wp-json\/wp\/v2\/product_tag?post=10500"}],"curies":[{"name":"wp","href":"https:\/\/api.w.org\/{rel}","templated":true}]}}