{"id":10472,"date":"2022-07-16T10:47:37","date_gmt":"2022-07-16T07:47:37","guid":{"rendered":"https:\/\/www.saxsim.ee\/?post_type=product&#038;p=10472"},"modified":"2025-07-24T09:43:31","modified_gmt":"2025-07-24T06:43:31","slug":"jrl-phantom-3700-kasifoon-1900-w","status":"publish","type":"product","link":"https:\/\/saxsim.ee\/swp\/product\/jrl-phantom-3700-kasifoon-1900-w\/","title":{"rendered":"JRL Phantom 3700 &#8211; k\u00e4sif\u00f6\u00f6n 1900 W"},"content":{"rendered":"<p><span class=\"VIiyi\" lang=\"et\"> <span class=\"JLqJ4b ChMk0b\"><span class=\"Q4iAWc\">JRL Phantom 3700 on kompaktne, ergonoomilise k\u00e4epidemega, v\u00f5imas f\u00f6\u00f6n.<br \/>\n<\/span><\/span><\/span><\/p>\n<p><strong>Tehnilised andmed:<\/strong><\/p>\n<p>1900 W<br \/>\n1417 l \u00f5hku min. ( 85 m\u00b3\/h )<br \/>\n2 kiirust<br \/>\n3 kuumusastet<br \/>\nkuumeneb kuni 150\u00b0C<br \/>\nk\u00fclma \u00f5huvoo nupp<br \/>\nm\u00fcratase 81,5 dB<br \/>\nkerge AC mootor<br \/>\nTurmaliin-keraamik tehnoloogia<br \/>\nkaal &#8211; 500 g<br \/>\njuhe &#8211; 3,5 m<br \/>\n2 \u00f5husuunajat<\/p>\n<p>Tootja: JRL USA, LLC.<\/p>\n","protected":false},"excerpt":{"rendered":"<p>JRL Phantom 3700 on kompaktne, ergonoomilise k\u00e4epidemega, v\u00f5imas f\u00f6\u00f6n. Tehnilised andmed: 1900 W 1417 l \u00f5hku min. ( 85 m\u00b3\/h ) 2 kiirust 3 kuumusastet kuumeneb kuni 150\u00b0C k\u00fclma \u00f5huvoo nupp m\u00fcratase 81,5 dB kerge AC mootor Turmaliin-keraamik tehnoloogia kaal &#8211; 500 g juhe &#8211; 3,5 m 2 \u00f5husuunajat Tootja: JRL USA, LLC.<\/p>\n","protected":false},"featured_media":10473,"comment_status":"closed","ping_status":"closed","template":"","meta":[],"product_cat":[712,401,280,285],"product_tag":[],"class_list":{"0":"post-10472","1":"product","2":"type-product","3":"status-publish","4":"has-post-thumbnail","6":"product_cat-jrl-professional","7":"product_cat-juuksuri-tarvikud","8":"product_cat-elektrilised-toovahendid","9":"product_cat-kasifoonid","11":"first","12":"outofstock","13":"taxable","14":"shipping-taxable","15":"purchasable","16":"product-type-simple"},"_links":{"self":[{"href":"https:\/\/saxsim.ee\/swp\/wp-json\/wp\/v2\/product\/10472"}],"collection":[{"href":"https:\/\/saxsim.ee\/swp\/wp-json\/wp\/v2\/product"}],"about":[{"href":"https:\/\/saxsim.ee\/swp\/wp-json\/wp\/v2\/types\/product"}],"replies":[{"embeddable":true,"href":"https:\/\/saxsim.ee\/swp\/wp-json\/wp\/v2\/comments?post=10472"}],"wp:featuredmedia":[{"embeddable":true,"href":"https:\/\/saxsim.ee\/swp\/wp-json\/wp\/v2\/media\/10473"}],"wp:attachment":[{"href":"https:\/\/saxsim.ee\/swp\/wp-json\/wp\/v2\/media?parent=10472"}],"wp:term":[{"taxonomy":"product_cat","embeddable":true,"href":"https:\/\/saxsim.ee\/swp\/wp-json\/wp\/v2\/product_cat?post=10472"},{"taxonomy":"product_tag","embeddable":true,"href":"https:\/\/saxsim.ee\/swp\/wp-json\/wp\/v2\/product_tag?post=10472"}],"curies":[{"name":"wp","href":"https:\/\/api.w.org\/{rel}","templated":true}]}}