{"id":10373,"date":"2022-06-15T10:09:47","date_gmt":"2022-06-15T07:09:47","guid":{"rendered":"https:\/\/www.saxsim.ee\/?post_type=product&#038;p=10373"},"modified":"2025-08-08T09:57:54","modified_gmt":"2025-08-08T06:57:54","slug":"jaguar-j-cut-60-li-loikusmasin","status":"publish","type":"product","link":"https:\/\/saxsim.ee\/swp\/product\/jaguar-j-cut-60-li-loikusmasin\/","title":{"rendered":"Jaguar J-Cut 60 Li &#8211; l\u00f5ikusmasin"},"content":{"rendered":"<p>Jaguar J-Cut 60 Li on v\u00f5imas,\u00a0<span class=\"VIiyi\" lang=\"et\"><span class=\"JLqJ4b\"><span class=\"Q4iAWc\">madala vibratsiooniga, vaikne, reguleeritava kiirusega ( 5000 kuni 7000 p\/min ), elektroonilise l\u00f5iketera pikkuse reguleerimisega ( 1,0 &#8211; 1,9 mm. ), <\/span><\/span><\/span>juhtmega\/juhtmeta kasutatav juuksel\u00f5ikusmasin. I<span class=\"VIiyi\" lang=\"et\"><span class=\"JLqJ4b\"><span class=\"Q4iAWc\">deaalne juuksel\u00f5ikuseks, habeme modelleerimiseks v\u00f5i trimmimiseks. Titaankattega l\u00f5iketera on valmistatud k\u00f5rgekvaliteetsest roostevabast terasest koos liigutatava keraamilise teraga ning tagab t\u00e4psete l\u00f5igete jaoks kauakestva teravuse. Easy-Click-System-i abil saate l\u00f5iketera kiiresti eemaldada, et puhastada juuksel\u00f5ikurit kaasasoleva harjaga ja hooldada seda spetsiaalse \u00f5liga.<\/span><\/span><\/span><\/p>\n<p><strong>Tehnilised andmed:<\/strong><br \/>\nmootori v\u00f5imsus &#8211; 7 W<br \/>\npinge &#8211; AC 100-240 V<br \/>\naku &#8211; Li-Ion, 3,7 V, 2200 mAh<br \/>\nakutoitel t\u00f6\u00f6tab &#8211; 240 min.<br \/>\naku laadimisaeg &#8211; 180 min.<br \/>\nelektrooniline l\u00f5iketera pikkuse reguleerimine (1,0 &#8211; 1,9 mm.)<br \/>\nkaal &#8211; 250 g.<br \/>\njuhe &#8211; 2,5 m.<br \/>\nindikaatortuled\u00a0aku laetusastme kuvamiseks<br \/>\ntera \u00f5litamise m\u00e4rgutuli<\/p>\n<p><strong>Komplektis:<\/strong><\/p>\n<p>1 tera ( laius &#8211; 45 mm. )<br \/>\n4 erinevat l\u00f5ikustalda ( 3\/6\/9\/12 mm. )<br \/>\nlaadimisalus koos juhtmega<br \/>\npuhastushari<br \/>\nmasina\u00f5li<\/p>\n","protected":false},"excerpt":{"rendered":"<p>Jaguar J-Cut 60 Li on v\u00f5imas,\u00a0madala vibratsiooniga, vaikne, reguleeritava kiirusega ( 5000 kuni 7000 p\/min ), elektroonilise l\u00f5iketera pikkuse reguleerimisega ( 1,0 &#8211; 1,9 mm. ), juhtmega\/juhtmeta kasutatav juuksel\u00f5ikusmasin. Ideaalne juuksel\u00f5ikuseks, habeme modelleerimiseks v\u00f5i trimmimiseks. Titaankattega l\u00f5iketera on valmistatud k\u00f5rgekvaliteetsest roostevabast terasest koos liigutatava keraamilise teraga ning tagab t\u00e4psete l\u00f5igete jaoks kauakestva teravuse. Easy-Click-System-i abil [&hellip;]<\/p>\n","protected":false},"featured_media":10374,"comment_status":"closed","ping_status":"closed","template":"","meta":[],"product_cat":[792,736,401,280,286],"product_tag":[],"class_list":{"0":"post-10373","1":"product","2":"type-product","3":"status-publish","4":"has-post-thumbnail","6":"product_cat-uued-tooted","7":"product_cat-jaguar","8":"product_cat-juuksuri-tarvikud","9":"product_cat-elektrilised-toovahendid","10":"product_cat-loikusmasinad-ja-trimmerid","12":"first","13":"outofstock","14":"taxable","15":"shipping-taxable","16":"purchasable","17":"product-type-simple"},"_links":{"self":[{"href":"https:\/\/saxsim.ee\/swp\/wp-json\/wp\/v2\/product\/10373"}],"collection":[{"href":"https:\/\/saxsim.ee\/swp\/wp-json\/wp\/v2\/product"}],"about":[{"href":"https:\/\/saxsim.ee\/swp\/wp-json\/wp\/v2\/types\/product"}],"replies":[{"embeddable":true,"href":"https:\/\/saxsim.ee\/swp\/wp-json\/wp\/v2\/comments?post=10373"}],"wp:featuredmedia":[{"embeddable":true,"href":"https:\/\/saxsim.ee\/swp\/wp-json\/wp\/v2\/media\/10374"}],"wp:attachment":[{"href":"https:\/\/saxsim.ee\/swp\/wp-json\/wp\/v2\/media?parent=10373"}],"wp:term":[{"taxonomy":"product_cat","embeddable":true,"href":"https:\/\/saxsim.ee\/swp\/wp-json\/wp\/v2\/product_cat?post=10373"},{"taxonomy":"product_tag","embeddable":true,"href":"https:\/\/saxsim.ee\/swp\/wp-json\/wp\/v2\/product_tag?post=10373"}],"curies":[{"name":"wp","href":"https:\/\/api.w.org\/{rel}","templated":true}]}}