{"id":10256,"date":"2022-05-05T07:06:11","date_gmt":"2022-05-05T04:06:11","guid":{"rendered":"https:\/\/www.saxsim.ee\/?post_type=product&#038;p=10256"},"modified":"2025-07-02T12:11:37","modified_gmt":"2025-07-02T09:11:37","slug":"system4-bio-botanical-serum-150-ml-seerum-juuste-valjalangemise-vastu","status":"publish","type":"product","link":"https:\/\/saxsim.ee\/swp\/product\/system4-bio-botanical-serum-150-ml-seerum-juuste-valjalangemise-vastu\/","title":{"rendered":"System4 &#8211; Bio Botanical Serum 150 ml &#8211; seerum juuste v\u00e4ljalangemise vastu"},"content":{"rendered":"<p>Juuksekasvu stimuleeriv ja juuste enneaegset v\u00e4ljalangemist \u00e4ra hoidev seerum k\u00f5ikidele juukset\u00fc\u00fcpidele. Omab peanaha vereringet stimuleerivat efekti, rahustab \u00e4rritunud peanahka ning v\u00e4hendab rasueritust. Aktiivsed koostisosad koos looduslike taimeekstraktidega aitavad saavutada ning s\u00e4ilitada peanaha loomuliku niiskustasakaalu ja v\u00f5imaldavad uute ning tervete juuste kasvu. Igap\u00e4evaseks kasutamiseks.<br \/>\npH 4,2<\/p>\n<p><strong><u>Kasutamine:<\/u><\/strong> H\u00f5\u00f5ru seerum peanahale ja masseeri kergelt 5 minutit. <strong>EI LOPUTATA<\/strong>.<\/p>\n<p>Ei sisalda v\u00e4rv- ja l\u00f5hnaineid.<\/p>\n<p>Toode on dermatoloogiliselt testitud.<\/p>\n","protected":false},"excerpt":{"rendered":"<p>Juuksekasvu stimuleeriv ja juuste enneaegset v\u00e4ljalangemist \u00e4ra hoidev seerum k\u00f5ikidele juukset\u00fc\u00fcpidele. Omab peanaha vereringet stimuleerivat efekti, rahustab \u00e4rritunud peanahka ning v\u00e4hendab rasueritust. Aktiivsed koostisosad koos looduslike taimeekstraktidega aitavad saavutada ning s\u00e4ilitada peanaha loomuliku niiskustasakaalu ja v\u00f5imaldavad uute ning tervete juuste kasvu. Igap\u00e4evaseks kasutamiseks. pH 4,2 Kasutamine: H\u00f5\u00f5ru seerum peanahale ja masseeri kergelt 5 minutit. EI [&hellip;]<\/p>\n","protected":false},"featured_media":10257,"comment_status":"closed","ping_status":"closed","template":"","meta":[],"product_cat":[671,672,395,661,663],"product_tag":[],"class_list":{"0":"post-10256","1":"product","2":"type-product","3":"status-publish","4":"has-post-thumbnail","6":"product_cat-bio-botanical","7":"product_cat-system-4","8":"product_cat-juuksed","9":"product_cat-pahejaetavad-hooldusained","10":"product_cat-juukseolid-toonikud-ja-seerumid","12":"first","13":"instock","14":"downloadable","15":"virtual","16":"taxable","17":"purchasable","18":"product-type-simple"},"_links":{"self":[{"href":"https:\/\/saxsim.ee\/swp\/wp-json\/wp\/v2\/product\/10256"}],"collection":[{"href":"https:\/\/saxsim.ee\/swp\/wp-json\/wp\/v2\/product"}],"about":[{"href":"https:\/\/saxsim.ee\/swp\/wp-json\/wp\/v2\/types\/product"}],"replies":[{"embeddable":true,"href":"https:\/\/saxsim.ee\/swp\/wp-json\/wp\/v2\/comments?post=10256"}],"wp:featuredmedia":[{"embeddable":true,"href":"https:\/\/saxsim.ee\/swp\/wp-json\/wp\/v2\/media\/10257"}],"wp:attachment":[{"href":"https:\/\/saxsim.ee\/swp\/wp-json\/wp\/v2\/media?parent=10256"}],"wp:term":[{"taxonomy":"product_cat","embeddable":true,"href":"https:\/\/saxsim.ee\/swp\/wp-json\/wp\/v2\/product_cat?post=10256"},{"taxonomy":"product_tag","embeddable":true,"href":"https:\/\/saxsim.ee\/swp\/wp-json\/wp\/v2\/product_tag?post=10256"}],"curies":[{"name":"wp","href":"https:\/\/api.w.org\/{rel}","templated":true}]}}