{"id":764,"date":"2017-02-14T16:51:27","date_gmt":"2017-02-14T14:51:27","guid":{"rendered":"http:\/\/www.saxsim.ee\/swp\/?page_id=764"},"modified":"2017-05-22T14:05:02","modified_gmt":"2017-05-22T11:05:02","slug":"toodete-tagastamine","status":"publish","type":"page","link":"https:\/\/saxsim.ee\/swp\/toodete-tagastamine\/","title":{"rendered":"Toodete tagastamine"},"content":{"rendered":"<div class=\"wpb-content-wrapper\"><p>[vc_row bg_type=&#8221;no_bg&#8221;][vc_column offset=&#8221;vc_col-md-8&#8243;][vc_custom_heading source=&#8221;post_title&#8221; font_container=&#8221;tag:h3|text_align:left&#8221; use_theme_fonts=&#8221;yes&#8221;][vc_column_text]SaxSim O\u00dc\u00a0veebipoest ostetud toodetele kehtib alates kauba k\u00e4ttesaamisest 14-p\u00e4evane tagastamis\u00f5igus.<\/p>\n<p>Kauba tagastamiseks tuleb esitada vabas vormis avaldus e-posti aadressil saxsim2007@gmail.com\u00a014 p\u00e4eva jooksul alates kauba k\u00e4ttesaamisest.<\/p>\n<p>Ostetud toode tuleb tagastada viivitamatult, kuid mitte hiljem kui 14 p\u00e4eva jooksul alates toote tagastamise avalduse esitamist.<\/p>\n<p>Vajadusel h\u00fcvitatakse Kliendile tagastatava kauba maksumus koos esialgse saatmiskuluga hiljemalt 14 p\u00e4eva jooksul alates toote tagastamise avalduse k\u00e4ttesaamist.<\/p>\n<p>14-p\u00e4evane taganemis\u00f5igus ei laiene kaubale kui:<\/p>\n<ol>\n<li>toode on valmistatud arvestades konkreetse kliendi isiklikke vajadusi;<\/li>\n<li>toode on valmistatud kliendi esitatud tingimuste kohaselt;<\/li>\n<li>toode on tervisekaitse v\u00f5i h\u00fcgieenilistel p\u00f5hjustel kasutamiseks k\u00f5lbmatu v\u00f5i see on olnud kasutusel v\u00f5i avatud (kosmeetika-, juuksehooldustooted jms);<\/li>\n<li>toode on segatud v\u00f5i \u00fchendatud mingi teise toote v\u00f5i kaubaga, nii et neid ei saa enam teineteisest eraldada;<\/li>\n<li>toodet on kasutatud majandus- ja kutsetegevuse eesm\u00e4rgil;<\/li>\n<li>rikke on p\u00f5hjustanud seadme vale kasutamine (juhendi j\u00e4rgimata j\u00e4tmine);<\/li>\n<li>seadet on kasutatud sobimatu voolupingega;<\/li>\n<li>tootel on mehaanilised vigastused v\u00f5i see on purunenud (nt kukkumise t\u00f5ttu);<\/li>\n<li>tegemist on seadme normaalse kulumise ning vigade korral, mis ei halvenda seadme v\u00e4\u00e4rtust ega kasutust;<\/li>\n<li>seadet on parandanud maaletooja poolt mittevolitatud hooldaja.<\/li>\n<\/ol>\n<p>Kui selgub, et Klient ei ole saanud tema poolt tellitud toodet, kaup ei vasta e-poes olevale kirjeldusele v\u00f5i tootel ilmneb viga, siis ei pea Klient esitama taganemisavaldust 14 p\u00e4eva jooksul, vaid v\u00f5ib kasutada seadusest tulenevat pretensiooni esitamise \u00f5igust.<\/p>\n<p><strong>Ostetud kauba\/toodete kasutamine majandus- v\u00f5i kutsetegevuse eesm\u00e4rgil (k.a juriidiline isik)<\/strong><\/p>\n<p>Juhul kui ostetud toodet on kasutatud majandus- v\u00f5i kutsetegevuse eesm\u00e4rgil v\u00f5i on olnud ostjaks juriidiline isik, siis tavaline pretensioonide esitamise kord ei kehti. Nimetatud juhtumiste korral on reeglina pretensioonide esitamise aeg 6 kuud v\u00f5i rohkem, kui tootja on nii lubanud. Selle perioodi jooksul tootjapoolsete defektide ilmnemisel toode asendatakse v\u00f5i remonditakse.[\/vc_column_text][\/vc_column][vc_column offset=&#8221;vc_col-md-4&#8243;][vc_wp_custommenu nav_menu=&#8221;186&#8243; title=&#8221;Ostuabi&#8221;][\/vc_column][\/vc_row]<\/p>\n<\/div>","protected":false},"excerpt":{"rendered":"<p>[vc_row bg_type=&#8221;no_bg&#8221;][vc_column offset=&#8221;vc_col-md-8&#8243;][vc_custom_heading source=&#8221;post_title&#8221; font_container=&#8221;tag:h3|text_align:left&#8221; use_theme_fonts=&#8221;yes&#8221;][vc_column_text]SaxSim O\u00dc\u00a0veebipoest ostetud toodetele kehtib alates kauba k\u00e4ttesaamisest 14-p\u00e4evane tagastamis\u00f5igus. Kauba tagastamiseks tuleb esitada vabas vormis avaldus e-posti aadressil saxsim2007@gmail.com\u00a014 p\u00e4eva jooksul alates kauba k\u00e4ttesaamisest. Ostetud toode tuleb tagastada viivitamatult, kuid mitte hiljem kui 14 p\u00e4eva jooksul alates toote tagastamise avalduse esitamist. Vajadusel h\u00fcvitatakse Kliendile tagastatava kauba maksumus koos esialgse [&hellip;]<\/p>\n","protected":false},"author":1,"featured_media":0,"parent":0,"menu_order":0,"comment_status":"closed","ping_status":"closed","template":"","meta":{"footnotes":""},"class_list":["post-764","page","type-page","status-publish","hentry"],"_links":{"self":[{"href":"https:\/\/saxsim.ee\/swp\/wp-json\/wp\/v2\/pages\/764"}],"collection":[{"href":"https:\/\/saxsim.ee\/swp\/wp-json\/wp\/v2\/pages"}],"about":[{"href":"https:\/\/saxsim.ee\/swp\/wp-json\/wp\/v2\/types\/page"}],"author":[{"embeddable":true,"href":"https:\/\/saxsim.ee\/swp\/wp-json\/wp\/v2\/users\/1"}],"replies":[{"embeddable":true,"href":"https:\/\/saxsim.ee\/swp\/wp-json\/wp\/v2\/comments?post=764"}],"version-history":[{"count":4,"href":"https:\/\/saxsim.ee\/swp\/wp-json\/wp\/v2\/pages\/764\/revisions"}],"predecessor-version":[{"id":3564,"href":"https:\/\/saxsim.ee\/swp\/wp-json\/wp\/v2\/pages\/764\/revisions\/3564"}],"wp:attachment":[{"href":"https:\/\/saxsim.ee\/swp\/wp-json\/wp\/v2\/media?parent=764"}],"curies":[{"name":"wp","href":"https:\/\/api.w.org\/{rel}","templated":true}]}}